{"id":3383,"date":"2026-02-03T13:30:02","date_gmt":"2026-02-03T12:30:02","guid":{"rendered":"https:\/\/evaoptic.com\/nl\/?page_id=3383"},"modified":"2026-02-03T13:30:06","modified_gmt":"2026-02-03T12:30:06","slug":"firmware-evasubaqua","status":"publish","type":"page","link":"https:\/\/evaoptic.com\/nl\/firmware-evasubaqua\/","title":{"rendered":"Firmware EVAsubaqua"},"content":{"rendered":"<div id=\"hero-block_f55ead8a16fadd64d032f74a6d0318e4\" class=\"content-block block-cnt-1 block-type-hero space-inside-default space-outside-default default display-default\" style=\"\">\r\n    <div class=\"img fx-display fx-justify-center fx-align-items-center txt-bg-top\">\r\n    <img decoding=\"async\" src=\"https:\/\/evaoptic.com\/nl\/wp-content\/graphics\/wp-content-uploads-sites-2-2026-02-evawebapp_01-kopie-jpg177003757820009001evawebapp_01-kopieevawebapp_01-kopieeager.jpg\" title=\"EVAwebapp_01 &#8211; kopie\" alt=\"EVAwebapp_01 &#8211; kopie\" loading=\"eager\" fetchpriority=\"high\" width=\"2000\" height=\"900\" >  <\/div>\r\n    <div class=\"intro txt-bg\">\r\n    <div class=\"container\">\r\n      <div class=\"title\">\r\n                        <h1 class=\"font-size-h1 color-white\">De firmware bijwerken<\/h1>\r\n                      <\/div>\r\n          <\/div>\r\n  <\/div>\r\n<\/div>\n\n<div id=\"text-block_5b8a7abf520c2195af60f7c7f3a580f9\" class=\"content-block block-cnt-2 block-type-text space-inside-both-xs space-outside-top-xs default font-size-default\" style=\"\">\r\n    <div class=\"container fx-display fx-justify-center\">\r\n        <div class=\"container-default\">\r\n            <div class=\"block-content fx-display fx-direction-column display-vertical\">\r\n                                    <div class=\"intro content do-last txt-left\">\r\n                                                        <h2 class=\"font-size-h1 color- default\">\r\n                                    Firmware EVAsubaqua                                <\/h2>\r\n                                                    <\/div>\r\n                                    <div class=\"body content txt-left font-size-default\">\r\n                    <p>Aangezien EVA voortdurend innoveert, zijn er firmware-updates beschikbaar. Deze firmware-updates worden niet automatisch ge\u00efnstalleerd en zijn niet verplicht, maar ze kunnen eenvoudig handmatig worden bijgewerkt via onze website en kunnen alleen lokaal op onze producten worden ge\u00efnstalleerd. Hieronder vindt u de instructies voor het uitvoeren van een firmware-update:<\/p>\n<p><em>Als u een directe verbinding hebt met de 4CH-driver, is het niet mogelijk om verbinding te maken met een ander apparaat of internet.<\/em><\/p>\n                    <div class=\"buttons-container fx-display\">\r\n                                            <\/div>\r\n                <\/div>\r\n            <\/div>\r\n        <\/div>\r\n    <\/div>\r\n<\/div>\n\n<div id=\"text-block_b9ad1ef7db4de9b965578ff3be69b183\" class=\"content-block block-cnt-3 block-type-text space-inside-both-xs space-outside-default default font-size-default\" style=\"\">\r\n    <div class=\"container fx-display fx-justify-center\">\r\n        <div class=\"container-default\">\r\n            <div class=\"block-content fx-display fx-direction-column display-vertical\">\r\n                                    <div class=\"intro content do-last txt-left\">\r\n                                                        <h2 class=\"font-size-h1 color- default\">\r\n                                    Verbind de EVA 4CH LED driver via Wi-Fi                                <\/h2>\r\n                                                    <\/div>\r\n                                    <div class=\"body content txt-left font-size-default\">\r\n                    <p><strong>Voorbereiding<\/strong><br \/>\nDownload de firmware. Sla de firmware (xxx.bin of .zip) lokaal op uw tablet of laptop\/computer op en pak het bestand uit.<br \/>\nWe raden aan om een tablet, laptop of pc te gebruiken. Het scherm van een telefoon is te klein.<\/p>\n                    <div class=\"buttons-container fx-display\">\r\n                        <div class=\"buttons buttons-cnt-1\">\r\n      <a href=\"https:\/\/evaoptic.com\/nl\/wp-content\/uploads\/sites\/2\/2026\/02\/4chleddriver-2954.zip\" target=\"_blank\" class=\"button   button-icon-none default \">\r\n            <span>Download firmware<\/span>\r\n    <\/a>\r\n    <\/div>                    <\/div>\r\n                <\/div>\r\n            <\/div>\r\n        <\/div>\r\n    <\/div>\r\n<\/div>\n\n<div id=\"text-img-block_60d8f8733348e10667958a06fa92cde9\" class=\"content-block block-cnt-4 block-type-text-img space-inside-both-xs space-outside-default default display-img-right-same img-size-respect\" style=\"\">\n    <div class=\"container fx-display fx-justify-center\">\n        <div class=\"container-default fx-display fx-align-items-center fx-md-direction-column\">\n            <div class=\"content fx-md-order-1 default\">\n                <p><strong>Verbinding via Wi-Fi <\/strong><br \/>\nOm de 4CH-driver met Wi-Fi te verbinden, zet u de dip-schakelaar \u201cENA WIFI\u201d op ON.<br \/>\nWanneer de schakelaar op ON staat, wordt het lampje groen en oranje, wat aangeeft dat het apparaat in de slave-modus staat.<\/p>\n<p>* Na enige tijd (ongeveer 5 &#8211; 7 minuten) kan de Wi-Fi verbinding worden verbroken, er zal dan een rood lampje branden. Wanneer het lampje rood is, zet u de dip-schakelaar weer uit en vervolgens weer aan.<\/p>\n            <\/div>\n                            <div class=\"img fx-md-order-0 img-size-respect\">\n                    <img decoding=\"async\" src=\"https:\/\/evaoptic.com\/nl\/wp-content\/graphics\/wp-content-uploads-sites-2-2026-02-4-channel-led-driver-front-ena-wifi-png1770037573200062214-channel-led-driver-front-ena-wifi4-channel-led-driver-front-ena-wifilazy.png\" title=\"4 CHANNEL LED DRIVER FRONT &#8211; ENA WiFi\" alt=\"4 CHANNEL LED DRIVER FRONT &#8211; ENA WiFi\" loading=\"lazy\" fetchpriority=\"low\" width=\"2000\" height=\"622\" >                <\/div>\n                        <\/div>\n    <\/div>\n<\/div>\n\n\n<div id=\"text-img-block_1a06b78b2df940ff9e27cc23e7058e62\" class=\"content-block block-cnt-5 block-type-text-img space-inside-both-xs space-outside-default default display-img-right-same img-size-respect\" style=\"\">\n    <div class=\"container fx-display fx-justify-center\">\n        <div class=\"container-default fx-display fx-align-items-center fx-md-direction-column\">\n            <div class=\"content fx-md-order-1 default\">\n                <p>U ziet \u201c4CHLedDriver xxxxx\u201d in uw Wi-Fi verbindingen.<br \/>\nMaak een directe Wi-Fi verbinding met de 4CH-driver en selecteer \u2018automatisch verbinden\u2019.<\/p>\n<p>Zodra de verbinding tot stand is gebracht, verschijnt er automatisch een pop-upvenster met het EVA-logo.<\/p>\n<p>Als het pop-upvenster niet verschijnt, open dan een browser en typ \u201c192.168.4.1\u201d in de adresbalk. Druk vervolgens op Enter om de webapp te openen.<\/p>\n            <\/div>\n                            <div class=\"img fx-md-order-0 img-size-respect\">\n                    <img decoding=\"async\" src=\"https:\/\/evaoptic.com\/nl\/wp-content\/graphics\/wp-content-uploads-sites-2-2026-02-schermafbeelding-2026-01-30-145058-png17700375687552211schermafbeelding-2026-01-30-145058schermafbeelding-2026-01-30-145058lazy.png\" title=\"Schermafbeelding 2026-01-30 145058\" alt=\"Schermafbeelding 2026-01-30 145058\" loading=\"lazy\" fetchpriority=\"low\" width=\"755\" height=\"221\" >                <\/div>\n                        <\/div>\n    <\/div>\n<\/div>\n\n\n<div id=\"text-img-block_349d86c04a5ac89afb6f514d70d857a6\" class=\"content-block block-cnt-6 block-type-text-img space-inside-both-xs space-outside-default default display-img-right-same img-size-respect\" style=\"\">\n    <div class=\"container fx-display fx-justify-center\">\n        <div class=\"container-default fx-display fx-align-items-center fx-md-direction-column\">\n            <div class=\"content fx-md-order-1 default\">\n                <p>Zodra het EVA-logo op het pop-upscherm verschijnt, klikt u onderaan het scherm op \u2018Continue\u2019.<\/p>\n<p>U ziet een groep met 1 of meer drivers (afhankelijk van of het bord &#8216;master&#8217; of &#8216;slave&#8217; is).<\/p>\n            <\/div>\n                            <div class=\"img fx-md-order-0 img-size-respect\">\n                    <img decoding=\"async\" src=\"https:\/\/evaoptic.com\/nl\/wp-content\/graphics\/wp-content-uploads-sites-2-2026-02-schermafbeelding-2026-01-30-161537-png1770037571200010151schermafbeelding-2026-01-30-161537schermafbeelding-2026-01-30-161537lazy.png\" title=\"Schermafbeelding 2026-01-30 161537\" alt=\"Schermafbeelding 2026-01-30 161537\" loading=\"lazy\" fetchpriority=\"low\" width=\"2000\" height=\"1015\" >                <\/div>\n                        <\/div>\n    <\/div>\n<\/div>\n\n\n<div id=\"text-img-block_a7046d9d6831574859896c1a459fcf74\" class=\"content-block block-cnt-7 block-type-text-img space-inside-both-xs space-outside-default default display-img-right-same img-size-respect\" style=\"\">\n    <div class=\"container fx-display fx-justify-center\">\n        <div class=\"container-default fx-display fx-align-items-center fx-md-direction-column\">\n            <div class=\"content fx-md-order-1 default\">\n                <p>Op het scherm dat wordt geopend, kunt u de pijl rechtsboven op het scherm selecteren.<\/p>\n            <\/div>\n                            <div class=\"img fx-md-order-0 img-size-respect\">\n                    <img decoding=\"async\" src=\"https:\/\/evaoptic.com\/nl\/wp-content\/graphics\/wp-content-uploads-sites-2-2026-02-schermafbeelding-2026-02-02-092924-png17700375739362371schermafbeelding-2026-02-02-092924schermafbeelding-2026-02-02-092924lazy.png\" title=\"Schermafbeelding 2026-02-02 092924\" alt=\"Schermafbeelding 2026-02-02 092924\" loading=\"lazy\" fetchpriority=\"low\" width=\"936\" height=\"237\" >                <\/div>\n                        <\/div>\n    <\/div>\n<\/div>\n\n\n<div id=\"text-img-block_9c784a06143289030faa022134df6ffa\" class=\"content-block block-cnt-8 block-type-text-img space-inside-both-xs space-outside-default default display-img-right-same img-size-respect\" style=\"\">\n    <div class=\"container fx-display fx-justify-center\">\n        <div class=\"container-default fx-display fx-align-items-center fx-md-direction-column\">\n            <div class=\"content fx-md-order-1 default\">\n                <p>Het scherm voor het beheer van de stuurprogramma&#8217;s wordt geopend. Selecteer \u2018Prepare for update\u2019 en \u2018confirm\u2019.<\/p>\n            <\/div>\n                            <div class=\"img fx-md-order-0 img-size-respect\">\n                    <img decoding=\"async\" src=\"https:\/\/evaoptic.com\/nl\/wp-content\/graphics\/wp-content-uploads-sites-2-2026-02-prepare-for-update-png177003757013243841prepare-for-updateprepare-for-updatelazy.png\" title=\"Prepare for update\" alt=\"Prepare for update\" loading=\"lazy\" fetchpriority=\"low\" width=\"1324\" height=\"384\" >                <\/div>\n                        <\/div>\n    <\/div>\n<\/div>\n\n\n<div id=\"text-img-block_2576967bba27900bd86fd8dda03fdc17\" class=\"content-block block-cnt-9 block-type-text-img space-inside-both-xs space-outside-default default display-img-right-same img-size-respect\" style=\"\">\n    <div class=\"container fx-display fx-justify-center\">\n        <div class=\"container-default fx-display fx-align-items-center fx-md-direction-column\">\n            <div class=\"content fx-md-order-1 default\">\n                <p>De 4CH wordt opnieuw opgestart ter voorbereiding op de update, waardoor de verbinding tijdelijk kan worden verbroken.<\/p>\n<p>Controleer na de voorbereiding of de verbinding is verbroken. Als dat het geval is, moet de Wi-Fi verbinding opnieuw worden tot stand gebracht. Dit gebeurt meestal automatisch, maar in sommige gevallen moet u handmatig opnieuw verbinding maken.<\/p>\n<p>U kunt opnieuw verbinding maken zodra de groene en oranje indicatielampjes weer branden.<\/p>\n            <\/div>\n                            <div class=\"img fx-md-order-0 img-size-respect\">\n                    <img decoding=\"async\" src=\"https:\/\/evaoptic.com\/nl\/wp-content\/graphics\/wp-content-uploads-sites-2-2026-02-schermafbeelding-2026-01-30-145058-png17700375687552211schermafbeelding-2026-01-30-145058schermafbeelding-2026-01-30-145058lazy.png\" title=\"Schermafbeelding 2026-01-30 145058\" alt=\"Schermafbeelding 2026-01-30 145058\" loading=\"lazy\" fetchpriority=\"low\" width=\"755\" height=\"221\" >                <\/div>\n                        <\/div>\n    <\/div>\n<\/div>\n\n\n<div id=\"text-img-block_6ed8444f073c88905973c7e7de257cac\" class=\"content-block block-cnt-10 block-type-text-img space-inside-both-xs space-outside-default default display-img-right-same img-size-respect\" style=\"\">\n    <div class=\"container fx-display fx-justify-center\">\n        <div class=\"container-default fx-display fx-align-items-center fx-md-direction-column\">\n            <div class=\"content fx-md-order-1 default\">\n                <p>Zodra u verbonden bent, laadt u de pagina opnieuw, klikt u op \u2018Continue\u2019 en drukt u nogmaals op de pijlknop.<\/p>\n<p>Klik op \u2018Select a file\u2019 en selecteer het gedownloade nieuwe firmwarebestand: \u20184CHLedDriver xxxx\u2019.<\/p>\n<p>Zodra de firmware is ge\u00fcpload en ge\u00efnstalleerd, controleert u uw verbinding en verifieert u of de update succesvol is ge\u00efnstalleerd.<\/p>\n            <\/div>\n                            <div class=\"img fx-md-order-0 img-size-respect\">\n                    <img decoding=\"async\" src=\"https:\/\/evaoptic.com\/nl\/wp-content\/graphics\/wp-content-uploads-sites-2-2026-02-select-a-file-png177003757013283861select-a-fileselect-a-filelazy.png\" title=\"Select a file\" alt=\"Select a file\" loading=\"lazy\" fetchpriority=\"low\" width=\"1328\" height=\"386\" >                <\/div>\n                        <\/div>\n    <\/div>\n<\/div>\n\n\n<div id=\"text-img-block_099a46a3cf2f9cf98628948adfe07695\" class=\"content-block block-cnt-11 block-type-text-img space-inside-both-xs space-outside-bottom-s default display-img-right-same img-size-respect\" style=\"\">\n    <div class=\"container fx-display fx-justify-center\">\n        <div class=\"container-default fx-display fx-align-items-center fx-md-direction-column\">\n            <div class=\"content fx-md-order-1 default\">\n                <p>Schakel na een succesvolle update de ENA WIFI schakelaar uit.<br \/>\nHet groene indicatielampje gaat dan branden.<\/p>\n            <\/div>\n                            <div class=\"img fx-md-order-0 img-size-respect\">\n                    <img decoding=\"async\" src=\"https:\/\/evaoptic.com\/nl\/wp-content\/graphics\/wp-content-uploads-sites-2-2026-02-4-channel-led-driver-front-ena-wifi-png1770037573200062214-channel-led-driver-front-ena-wifi4-channel-led-driver-front-ena-wifilazy.png\" title=\"4 CHANNEL LED DRIVER FRONT &#8211; ENA WiFi\" alt=\"4 CHANNEL LED DRIVER FRONT &#8211; ENA WiFi\" loading=\"lazy\" fetchpriority=\"low\" width=\"2000\" height=\"622\" >                <\/div>\n                        <\/div>\n    <\/div>\n<\/div>\n","protected":false},"excerpt":{"rendered":"","protected":false},"author":3,"featured_media":0,"parent":0,"menu_order":0,"comment_status":"closed","ping_status":"closed","template":"","meta":{"_acf_changed":false,"footnotes":""},"class_list":["post-3383","page","type-page","status-publish","hentry"],"acf":[],"_links":{"self":[{"href":"https:\/\/evaoptic.com\/nl\/wp-json\/wp\/v2\/pages\/3383","targetHints":{"allow":["GET"]}}],"collection":[{"href":"https:\/\/evaoptic.com\/nl\/wp-json\/wp\/v2\/pages"}],"about":[{"href":"https:\/\/evaoptic.com\/nl\/wp-json\/wp\/v2\/types\/page"}],"author":[{"embeddable":true,"href":"https:\/\/evaoptic.com\/nl\/wp-json\/wp\/v2\/users\/3"}],"replies":[{"embeddable":true,"href":"https:\/\/evaoptic.com\/nl\/wp-json\/wp\/v2\/comments?post=3383"}],"version-history":[{"count":2,"href":"https:\/\/evaoptic.com\/nl\/wp-json\/wp\/v2\/pages\/3383\/revisions"}],"predecessor-version":[{"id":3397,"href":"https:\/\/evaoptic.com\/nl\/wp-json\/wp\/v2\/pages\/3383\/revisions\/3397"}],"wp:attachment":[{"href":"https:\/\/evaoptic.com\/nl\/wp-json\/wp\/v2\/media?parent=3383"}],"curies":[{"name":"wp","href":"https:\/\/api.w.org\/{rel}","templated":true}]}}