{"id":3011,"date":"2026-02-03T13:29:35","date_gmt":"2026-02-03T12:29:35","guid":{"rendered":"https:\/\/evaoptic.com\/de\/?page_id=3011"},"modified":"2026-02-03T13:29:38","modified_gmt":"2026-02-03T12:29:38","slug":"firmware-evasubaqua","status":"publish","type":"page","link":"https:\/\/evaoptic.com\/de\/firmware-evasubaqua\/","title":{"rendered":"Firmware EVAsubaqua"},"content":{"rendered":"<div id=\"hero-block_cd12633539c6eae3ce4e87b0f3656c46\" class=\"content-block block-cnt-1 block-type-hero space-inside-default space-outside-default default display-default\" style=\"\">\r\n    <div class=\"img fx-display fx-justify-center fx-align-items-center txt-bg-top\">\r\n    <img decoding=\"async\" src=\"https:\/\/evaoptic.com\/de\/wp-content\/graphics\/wp-content-uploads-sites-3-2026-02-evawebapp_01-kopie-jpg177004188720009001evawebapp_01-kopieevawebapp_01-kopieeager.jpg\" title=\"EVAwebapp_01 &#8211; kopie\" alt=\"EVAwebapp_01 &#8211; kopie\" loading=\"eager\" fetchpriority=\"high\" width=\"2000\" height=\"900\" >  <\/div>\r\n    <div class=\"intro txt-bg\">\r\n    <div class=\"container\">\r\n      <div class=\"title\">\r\n                        <h1 class=\"font-size-h1 color-white\">Aktualisieren der Firmware<\/h1>\r\n                      <\/div>\r\n          <\/div>\r\n  <\/div>\r\n<\/div>\n\n<div id=\"text-block_bb9d41789f8408bbce8e667a65dc6011\" class=\"content-block block-cnt-2 block-type-text space-inside-both-xs space-outside-top-xs default font-size-default\" style=\"\">\r\n    <div class=\"container fx-display fx-justify-center\">\r\n        <div class=\"container-default\">\r\n            <div class=\"block-content fx-display fx-direction-column display-vertical\">\r\n                                    <div class=\"intro content do-last txt-left\">\r\n                                                        <h2 class=\"font-size-h1 color- default\">\r\n                                    Firmware EVAsubaqua                                <\/h2>\r\n                                                    <\/div>\r\n                                    <div class=\"body content txt-left font-size-default\">\r\n                    <p>Da EVA st\u00e4ndig Innovationen entwickelt, sind Firmware-Updates verf\u00fcgbar. Diese Firmware-Updates werden nicht automatisch installiert und sind nicht obligatorisch, k\u00f6nnen jedoch einfach manuell \u00fcber unsere Website aktualisiert werden und k\u00f6nnen nur lokal auf unseren Produkten installiert werden. Die Anweisungen zum Durchf\u00fchren eines Firmware-Updates finden Sie unten:<\/p>\n<p>Wenn Sie eine direkte Verbindung mit dem 4CH-Treiber haben, ist es nicht m\u00f6glich, eine Verbindung zu einem anderen Ger\u00e4t oder zum Internet herzustellen.<\/p>\n                    <div class=\"buttons-container fx-display\">\r\n                                            <\/div>\r\n                <\/div>\r\n            <\/div>\r\n        <\/div>\r\n    <\/div>\r\n<\/div>\n\n<div id=\"text-block_b2c4b843796c53fbbdae1155e3bcd891\" class=\"content-block block-cnt-3 block-type-text space-inside-both-xs space-outside-default default font-size-default\" style=\"\">\r\n    <div class=\"container fx-display fx-justify-center\">\r\n        <div class=\"container-default\">\r\n            <div class=\"block-content fx-display fx-direction-column display-vertical\">\r\n                                    <div class=\"intro content do-last txt-left\">\r\n                                                        <h2 class=\"font-size-h1 color- default\">\r\n                                    Verbinden Sie den EVA 4CH LED-Treiber \u00fcber Wi-Fi                                <\/h2>\r\n                                                    <\/div>\r\n                                    <div class=\"body content txt-left font-size-default\">\r\n                    <p><strong>Vorbereitung<\/strong><br \/>\nLaden Sie die Firmware herunter. Speichern Sie die Firmware (xxx.bin oder .zip) lokal auf Ihrem Tablet oder Laptop\/Computer und entpacken Sie die Datei.<br \/>\nWir empfehlen die Verwendung eines Tablets, Laptops oder PCs. Der Bildschirm eines Smartphones ist zu klein.<\/p>\n                    <div class=\"buttons-container fx-display\">\r\n                        <div class=\"buttons buttons-cnt-1\">\r\n      <a href=\"https:\/\/evaoptic.com\/de\/wp-content\/uploads\/sites\/3\/2026\/02\/4chleddriver-2954.zip\" target=\"_blank\" class=\"button   button-icon-none default \">\r\n            <span>Firmware herunterladen<\/span>\r\n    <\/a>\r\n    <\/div>                    <\/div>\r\n                <\/div>\r\n            <\/div>\r\n        <\/div>\r\n    <\/div>\r\n<\/div>\n\n<div id=\"text-img-block_d8070139138b30aa87dd38f5c934f54f\" class=\"content-block block-cnt-4 block-type-text-img space-inside-default space-outside-default default display-img-right-same img-size-respect\" style=\"\">\n    <div class=\"container fx-display fx-justify-center\">\n        <div class=\"container-default fx-display fx-align-items-center fx-md-direction-column\">\n            <div class=\"content fx-md-order-1 default\">\n                <p><strong>Verbindung \u00fcber Wi-Fi<\/strong><br \/>\nUm den 4CH-Treiber mit dem Wi-Fi zu verbinden, stellen Sie den DIP-Schalter \u201eENA WIFI\u201d auf ON.<br \/>\nWenn der Schalter auf ON steht, leuchtet die Anzeige gr\u00fcn und orange und zeigt damit an, dass sich das Ger\u00e4t im Slave-Modus befindet.<\/p>\n<p>* Nach einer gewissen Zeit (ca. 5\u20137 Minuten) kann die Verbindung unterbrochen werden. Das Wi-Fi wird dann getrennt und die Anzeige leuchtet rot. Wenn die Anzeige rot leuchtet, schalten Sie den DIP-Schalter wieder aus und dann wieder ein.<\/p>\n            <\/div>\n                            <div class=\"img fx-md-order-0 img-size-respect\">\n                    <img decoding=\"async\" src=\"https:\/\/evaoptic.com\/de\/wp-content\/graphics\/wp-content-uploads-sites-3-2026-02-4-channel-led-driver-front-ena-wifi-png1770041882200062214-channel-led-driver-front-ena-wifi4-channel-led-driver-front-ena-wifilazy.png\" title=\"4 CHANNEL LED DRIVER FRONT &#8211; ENA WiFi\" alt=\"4 CHANNEL LED DRIVER FRONT &#8211; ENA WiFi\" loading=\"lazy\" fetchpriority=\"low\" width=\"2000\" height=\"622\" >                <\/div>\n                        <\/div>\n    <\/div>\n<\/div>\n\n\n<div id=\"text-img-block_8fcc11d79d31327e75ccc63042dbf36f\" class=\"content-block block-cnt-5 block-type-text-img space-inside-top-xs space-outside-default default display-img-right-same img-size-respect\" style=\"\">\n    <div class=\"container fx-display fx-justify-center\">\n        <div class=\"container-default fx-display fx-align-items-center fx-md-direction-column\">\n            <div class=\"content fx-md-order-1 default\">\n                <p>In Ihren Wi-Fi-Verbindungen wird \u201e4CHLedDriver xxxxx\u201c angezeigt.<br \/>\nStellen Sie eine direkte Wi-Fi-Verbindung mit dem 4CH-Treiber her und w\u00e4hlen Sie \u201eAutomatisch verbinden\u201d.<\/p>\n<p>Sobald die Verbindung hergestellt ist, erscheint automatisch ein Popup-Fenster mit dem EVA-Logo.<\/p>\n<p>Wenn das Popup-Fenster nicht erscheint, \u00f6ffnen Sie einen Browser, geben Sie \u201e192.168.4.1\u201d in die Adressleiste ein und dr\u00fccken Sie die Eingabetaste, um die Web-App zu \u00f6ffnen.<\/p>\n            <\/div>\n                            <div class=\"img fx-md-order-0 img-size-respect\">\n                    <img decoding=\"async\" src=\"https:\/\/evaoptic.com\/de\/wp-content\/graphics\/wp-content-uploads-sites-3-2026-02-schermafbeelding-2026-01-30-145058-png17700418777552211schermafbeelding-2026-01-30-145058schermafbeelding-2026-01-30-145058lazy.png\" title=\"Schermafbeelding 2026-01-30 145058\" alt=\"Schermafbeelding 2026-01-30 145058\" loading=\"lazy\" fetchpriority=\"low\" width=\"755\" height=\"221\" >                <\/div>\n                        <\/div>\n    <\/div>\n<\/div>\n\n\n<div id=\"text-img-block_2cdd478409794cb09a345d1d8805f73e\" class=\"content-block block-cnt-6 block-type-text-img space-inside-top-xs space-outside-default default display-img-right-same img-size-respect\" style=\"\">\n    <div class=\"container fx-display fx-justify-center\">\n        <div class=\"container-default fx-display fx-align-items-center fx-md-direction-column\">\n            <div class=\"content fx-md-order-1 default\">\n                <p>Sobald das EVA-Logo auf dem Popup-Bildschirm erscheint, klicken Sie unten auf dem Bildschirm auf \u201eContinue\u201c.<\/p>\n<p>Sie sehen eine Gruppe mit einem oder mehreren Treibern (je nachdem, ob es sich um ein Master- oder Slave-Board handelt).<\/p>\n            <\/div>\n                            <div class=\"img fx-md-order-0 img-size-respect\">\n                    <img decoding=\"async\" src=\"https:\/\/evaoptic.com\/de\/wp-content\/graphics\/wp-content-uploads-sites-3-2026-02-schermafbeelding-2026-01-30-161537-png1770041880200010151schermafbeelding-2026-01-30-161537schermafbeelding-2026-01-30-161537lazy.png\" title=\"Schermafbeelding 2026-01-30 161537\" alt=\"Schermafbeelding 2026-01-30 161537\" loading=\"lazy\" fetchpriority=\"low\" width=\"2000\" height=\"1015\" >                <\/div>\n                        <\/div>\n    <\/div>\n<\/div>\n\n\n<div id=\"text-img-block_a3c9a6b43b6a0cf6c939067afb2e2490\" class=\"content-block block-cnt-7 block-type-text-img space-inside-both-xs space-outside-default default display-img-right-same img-size-respect\" style=\"\">\n    <div class=\"container fx-display fx-justify-center\">\n        <div class=\"container-default fx-display fx-align-items-center fx-md-direction-column\">\n            <div class=\"content fx-md-order-1 default\">\n                <p>Auf dem sich \u00f6ffnenden Bildschirm k\u00f6nnen Sie den Pfeil oben rechts auf dem Bildschirm ausw\u00e4hlen.<\/p>\n            <\/div>\n                            <div class=\"img fx-md-order-0 img-size-respect\">\n                    <img decoding=\"async\" src=\"https:\/\/evaoptic.com\/de\/wp-content\/graphics\/wp-content-uploads-sites-3-2026-02-schermafbeelding-2026-02-02-092924-png17700418829362371schermafbeelding-2026-02-02-092924schermafbeelding-2026-02-02-092924lazy.png\" title=\"Schermafbeelding 2026-02-02 092924\" alt=\"Schermafbeelding 2026-02-02 092924\" loading=\"lazy\" fetchpriority=\"low\" width=\"936\" height=\"237\" >                <\/div>\n                        <\/div>\n    <\/div>\n<\/div>\n\n\n<div id=\"text-img-block_64da09a0a5abe5563e3ff41179bae57e\" class=\"content-block block-cnt-8 block-type-text-img space-inside-top-xs space-outside-default default display-img-right-same img-size-respect\" style=\"\">\n    <div class=\"container fx-display fx-justify-center\">\n        <div class=\"container-default fx-display fx-align-items-center fx-md-direction-column\">\n            <div class=\"content fx-md-order-1 default\">\n                <p>Der Bildschirm zur Verwaltung der Treiber wird ge\u00f6ffnet. W\u00e4hlen Sie \u201ePrepare for update\u201c und \u201eConfirm\u201c.<\/p>\n            <\/div>\n                            <div class=\"img fx-md-order-0 img-size-respect\">\n                    <img decoding=\"async\" src=\"https:\/\/evaoptic.com\/de\/wp-content\/graphics\/wp-content-uploads-sites-3-2026-02-prepare-for-update-png177004187813243841prepare-for-updateprepare-for-updatelazy.png\" title=\"Prepare for update\" alt=\"Prepare for update\" loading=\"lazy\" fetchpriority=\"low\" width=\"1324\" height=\"384\" >                <\/div>\n                        <\/div>\n    <\/div>\n<\/div>\n\n\n<div id=\"text-img-block_8acdf3f694a971ba99981b0f5b2fbb43\" class=\"content-block block-cnt-9 block-type-text-img space-inside-top-xs space-outside-default default display-img-right-same img-size-respect\" style=\"\">\n    <div class=\"container fx-display fx-justify-center\">\n        <div class=\"container-default fx-display fx-align-items-center fx-md-direction-column\">\n            <div class=\"content fx-md-order-1 default\">\n                <p>Der 4CH wird zur Vorbereitung des Updates neu gestartet, wodurch die Verbindung vor\u00fcbergehend unterbrochen werden kann.<\/p>\n<p>\u00dcberpr\u00fcfen Sie nach der Vorbereitung, ob die Verbindung unterbrochen wurde. Ist dies der Fall, muss die Wi-Fi-Verbindung neu hergestellt werden. Dies geschieht in der Regel automatisch, in einigen F\u00e4llen m\u00fcssen Sie jedoch m\u00f6glicherweise die Verbindung manuell neu herstellen.<\/p>\n<p>Sie k\u00f6nnen die Verbindung wiederherstellen, sobald die gr\u00fcne und orangefarbene Anzeigeleuchte wieder leuchten.<\/p>\n            <\/div>\n                            <div class=\"img fx-md-order-0 img-size-respect\">\n                    <img decoding=\"async\" src=\"https:\/\/evaoptic.com\/de\/wp-content\/graphics\/wp-content-uploads-sites-3-2026-02-schermafbeelding-2026-01-30-145058-png17700418777552211schermafbeelding-2026-01-30-145058schermafbeelding-2026-01-30-145058lazy.png\" title=\"Schermafbeelding 2026-01-30 145058\" alt=\"Schermafbeelding 2026-01-30 145058\" loading=\"lazy\" fetchpriority=\"low\" width=\"755\" height=\"221\" >                <\/div>\n                        <\/div>\n    <\/div>\n<\/div>\n\n\n<div id=\"text-img-block_e16440b84b861817b251ae367b761f51\" class=\"content-block block-cnt-10 block-type-text-img space-inside-top-xs space-outside-default default display-img-right-same img-size-respect\" style=\"\">\n    <div class=\"container fx-display fx-justify-center\">\n        <div class=\"container-default fx-display fx-align-items-center fx-md-direction-column\">\n            <div class=\"content fx-md-order-1 default\">\n                <p>Sobald die Verbindung hergestellt ist, laden Sie die Seite neu, klicken Sie auf \u201eContinue\u201d und dr\u00fccken Sie erneut die Pfeiltaste.<\/p>\n<p>Klicken Sie auf \u201eSelect a file\u201d und w\u00e4hlen Sie die heruntergeladene neue Firmware-Datei aus: \u201e4CHLedDriver xxxx\u201d.<\/p>\n<p>Sobald die Firmware hochgeladen und installiert wurde, \u00fcberpr\u00fcfen Sie Ihre Verbindung und vergewissern Sie sich, dass das Update erfolgreich installiert wurde.<\/p>\n            <\/div>\n                            <div class=\"img fx-md-order-0 img-size-respect\">\n                    <img decoding=\"async\" src=\"https:\/\/evaoptic.com\/de\/wp-content\/graphics\/wp-content-uploads-sites-3-2026-02-select-a-file-png177004187913283861select-a-fileselect-a-filelazy.png\" title=\"Select a file\" alt=\"Select a file\" loading=\"lazy\" fetchpriority=\"low\" width=\"1328\" height=\"386\" >                <\/div>\n                        <\/div>\n    <\/div>\n<\/div>\n\n\n<div id=\"text-img-block_a6bccd7c62df1dd9aa9992faee3e5696\" class=\"content-block block-cnt-11 block-type-text-img space-inside-top-xs space-outside-bottom-s default display-img-right-same img-size-respect\" style=\"\">\n    <div class=\"container fx-display fx-justify-center\">\n        <div class=\"container-default fx-display fx-align-items-center fx-md-direction-column\">\n            <div class=\"content fx-md-order-1 default\">\n                <p>Schalten Sie nach erfolgreicher Aktualisierung den ENA WIFI-Schalter aus.<br \/>\nDie gr\u00fcne Anzeigeleuchte leuchtet dann auf.<\/p>\n            <\/div>\n                            <div class=\"img fx-md-order-0 img-size-respect\">\n                    <img decoding=\"async\" src=\"https:\/\/evaoptic.com\/de\/wp-content\/graphics\/wp-content-uploads-sites-3-2026-02-4-channel-led-driver-front-ena-wifi-png1770041882200062214-channel-led-driver-front-ena-wifi4-channel-led-driver-front-ena-wifilazy.png\" title=\"4 CHANNEL LED DRIVER FRONT &#8211; ENA WiFi\" alt=\"4 CHANNEL LED DRIVER FRONT &#8211; ENA WiFi\" loading=\"lazy\" fetchpriority=\"low\" width=\"2000\" height=\"622\" >                <\/div>\n                        <\/div>\n    <\/div>\n<\/div>\n","protected":false},"excerpt":{"rendered":"","protected":false},"author":3,"featured_media":0,"parent":0,"menu_order":0,"comment_status":"closed","ping_status":"closed","template":"","meta":{"_acf_changed":false,"footnotes":""},"class_list":["post-3011","page","type-page","status-publish","hentry"],"acf":[],"_links":{"self":[{"href":"https:\/\/evaoptic.com\/de\/wp-json\/wp\/v2\/pages\/3011","targetHints":{"allow":["GET"]}}],"collection":[{"href":"https:\/\/evaoptic.com\/de\/wp-json\/wp\/v2\/pages"}],"about":[{"href":"https:\/\/evaoptic.com\/de\/wp-json\/wp\/v2\/types\/page"}],"author":[{"embeddable":true,"href":"https:\/\/evaoptic.com\/de\/wp-json\/wp\/v2\/users\/3"}],"replies":[{"embeddable":true,"href":"https:\/\/evaoptic.com\/de\/wp-json\/wp\/v2\/comments?post=3011"}],"version-history":[{"count":3,"href":"https:\/\/evaoptic.com\/de\/wp-json\/wp\/v2\/pages\/3011\/revisions"}],"predecessor-version":[{"id":3026,"href":"https:\/\/evaoptic.com\/de\/wp-json\/wp\/v2\/pages\/3011\/revisions\/3026"}],"wp:attachment":[{"href":"https:\/\/evaoptic.com\/de\/wp-json\/wp\/v2\/media?parent=3011"}],"curies":[{"name":"wp","href":"https:\/\/api.w.org\/{rel}","templated":true}]}}