{"id":2949,"date":"2025-06-10T15:46:39","date_gmt":"2025-06-10T13:46:39","guid":{"rendered":"https:\/\/evaoptic.com\/de\/?page_id=2949"},"modified":"2026-01-27T11:53:01","modified_gmt":"2026-01-27T10:53:01","slug":"fachleute","status":"publish","type":"page","link":"https:\/\/evaoptic.com\/de\/kontakt\/fachleute\/","title":{"rendered":"Kontakt Fachleute"},"content":{"rendered":"<div id=\"text-img-block_61819cdfa937ea21eebe91005aa89ea1\" class=\"content-block block-cnt-1 block-type-text-img space-inside-top-l space-outside-bottom-s default display-img-right-m img-size-default\" style=\"\">\n    <div class=\"container fx-display fx-justify-center\">\n        <div class=\"container-default fx-display fx-align-items-center fx-md-direction-column\">\n            <div class=\"content fx-md-order-1 default\">\n                                        <h1 class=\"font-size-h1 default color-\">Kontakt<\/h1>\n                        <p>Sind Sie an einer unserer L\u00f6sungen interessiert? Dann kontaktieren Sie uns gerne. F\u00fcllen Sie das Kontaktformular aus: Unsere Spezialisten informieren Sie gerne \u00fcber unsere Produkte und beraten Sie individuell.<\/p>\n            <\/div>\n                            <div class=\"img fx-md-order-0 img-size-default\">\n                    <iframe loading=\"lazy\" id=\"vimeo-video-69d7b4d9c3196\" class=\"wa-vimeo-embed has-aspect\" src=\"https:\/\/player.vimeo.com\/video\/1158745834?autostart=0&amp;autoplay=0&amp;loop=0&amp;autopause=1&amp;controls=1&amp;muted=0&amp;jsapi=0&amp;loading=1&amp;aspect=1&amp;lazyload=0&amp;animation=&amp;thumb=\"  data-aspect=\"1\" playsinline width=\"1280\" height=\"720\" frameborder=\"0\" allow=\"accelerometer; autoplay; encrypted-media; gyroscope; fullscreen;\" disablePictureInPicture><\/iframe>                <\/div>\n                        <\/div>\n    <\/div>\n<\/div>\n\n\n<div id=\"form-block_660d5efd7316347a2bb877fd270e5f0d\" class=\"content-block block-cnt-2 block-type-form space-inside-default space-outside-bottom default\" style=\"\">\r\n    <div class=\"container fx-display fx-justify-center\">\r\n        <div class=\"container-default\">\r\n            <div class=\"form-container fx-display fx-justify-space-between fx-md-direction-column\">\r\n                                    <div id=\"form-block_660d5efd7316347a2bb877fd270e5f0d-form\" class=\"form\">\r\n                                                    <h3 class=\"font-size-h4\">Kontakt<\/h3>\r\n                            <script type=\"text\/javascript\">\n\/* <![CDATA[ *\/\nvar gform;gform||(document.addEventListener(\"gform_main_scripts_loaded\",function(){gform.scriptsLoaded=!0}),document.addEventListener(\"gform\/theme\/scripts_loaded\",function(){gform.themeScriptsLoaded=!0}),window.addEventListener(\"DOMContentLoaded\",function(){gform.domLoaded=!0}),gform={domLoaded:!1,scriptsLoaded:!1,themeScriptsLoaded:!1,isFormEditor:()=>\"function\"==typeof InitializeEditor,callIfLoaded:function(o){return!(!gform.domLoaded||!gform.scriptsLoaded||!gform.themeScriptsLoaded&&!gform.isFormEditor()||(gform.isFormEditor()&&console.warn(\"The use of gform.initializeOnLoaded() is deprecated in the form editor context and will be removed in Gravity Forms 3.1.\"),o(),0))},initializeOnLoaded:function(o){gform.callIfLoaded(o)||(document.addEventListener(\"gform_main_scripts_loaded\",()=>{gform.scriptsLoaded=!0,gform.callIfLoaded(o)}),document.addEventListener(\"gform\/theme\/scripts_loaded\",()=>{gform.themeScriptsLoaded=!0,gform.callIfLoaded(o)}),window.addEventListener(\"DOMContentLoaded\",()=>{gform.domLoaded=!0,gform.callIfLoaded(o)}))},hooks:{action:{},filter:{}},addAction:function(o,r,e,t){gform.addHook(\"action\",o,r,e,t)},addFilter:function(o,r,e,t){gform.addHook(\"filter\",o,r,e,t)},doAction:function(o){gform.doHook(\"action\",o,arguments)},applyFilters:function(o){return gform.doHook(\"filter\",o,arguments)},removeAction:function(o,r){gform.removeHook(\"action\",o,r)},removeFilter:function(o,r,e){gform.removeHook(\"filter\",o,r,e)},addHook:function(o,r,e,t,n){null==gform.hooks[o][r]&&(gform.hooks[o][r]=[]);var d=gform.hooks[o][r];null==n&&(n=r+\"_\"+d.length),gform.hooks[o][r].push({tag:n,callable:e,priority:t=null==t?10:t})},doHook:function(r,o,e){var t;if(e=Array.prototype.slice.call(e,1),null!=gform.hooks[r][o]&&((o=gform.hooks[r][o]).sort(function(o,r){return o.priority-r.priority}),o.forEach(function(o){\"function\"!=typeof(t=o.callable)&&(t=window[t]),\"action\"==r?t.apply(null,e):e[0]=t.apply(null,e)})),\"filter\"==r)return e[0]},removeHook:function(o,r,t,n){var e;null!=gform.hooks[o][r]&&(e=(e=gform.hooks[o][r]).filter(function(o,r,e){return!!(null!=n&&n!=o.tag||null!=t&&t!=o.priority)}),gform.hooks[o][r]=e)}});\n\/* ]]> *\/\n<\/script>\n\n                <div class='gf_browser_gecko gform_wrapper gravity-theme gform-theme--no-framework' data-form-theme='gravity-theme' data-form-index='0' id='gform_wrapper_10' ><div id='gf_10' class='gform_anchor' tabindex='-1'><\/div>\n                        <div class='gform_heading'>\n\t\t\t\t\t\t\t<p class='gform_required_legend'><\/p>\n                        <\/div><form method='post' enctype='multipart\/form-data' target='gform_ajax_frame_10' id='gform_10'  action='\/de\/wp-json\/wp\/v2\/pages\/2949#gf_10' data-formid='10' novalidate>\n                        <div class='gform-body gform_body'><div id='gform_fields_10' class='gform_fields top_label form_sublabel_below description_below validation_below'><div id=\"field_10_16\" class=\"gfield gfield--type-honeypot gform_validation_container field_sublabel_below gfield--has-description field_description_below field_validation_below gfield_visibility_visible\"  ><label class='gfield_label gform-field-label' for='input_10_16'>X\/Twitter<\/label><div class='ginput_container'><input name='input_16' id='input_10_16' type='text' value='' autocomplete='new-password'\/><\/div><div class='gfield_description' id='gfield_description_10_16'>Dieses Feld dient zur Validierung und sollte nicht ver\u00e4ndert werden.<\/div><\/div><div id=\"field_10_8\" class=\"gfield gfield--type-select gfield--input-type-select gfield--width-full gfield_contains_required field_sublabel_below gfield--no-description field_description_below field_validation_below gfield_visibility_visible\"  ><label class='gfield_label gform-field-label' for='input_10_8'>Betreff<span class=\"gfield_required\"><span class=\"gfield_required gfield_required_asterisk\">*<\/span><\/span><\/label><div class='ginput_container ginput_container_select'><select name='input_8' id='input_10_8' class='large gfield_select'    aria-required=\"true\" aria-invalid=\"false\" ><option value='' selected='selected' class='gf_placeholder'>Betreff*<\/option><option value='Produktanfrage' >Produktanfrage<\/option><option value='Probeschwimmen' >Probeschwimmen<\/option><option value='Support' >Support<\/option><option value='Partner werden' >Partner werden<\/option><option value='Sonstiges' >Sonstiges<\/option><\/select><\/div><\/div><div id=\"field_10_9\" class=\"gfield gfield--type-text gfield--input-type-text gfield--width-half gfield_contains_required field_sublabel_below gfield--no-description field_description_below field_validation_below gfield_visibility_visible\"  ><label class='gfield_label gform-field-label' for='input_10_9'>Nachname<span class=\"gfield_required\"><span class=\"gfield_required gfield_required_asterisk\">*<\/span><\/span><\/label><div class='ginput_container ginput_container_text'><input name='input_9' id='input_10_9' type='text' value='' class='large'    placeholder='Nachname*' aria-required=\"true\" aria-invalid=\"false\"   \/><\/div><\/div><div id=\"field_10_1\" class=\"gfield gfield--type-text gfield--input-type-text gfield--width-half field_sublabel_below gfield--no-description field_description_below field_validation_below gfield_visibility_visible\"  ><label class='gfield_label gform-field-label' for='input_10_1'>Vorname<\/label><div class='ginput_container ginput_container_text'><input name='input_1' id='input_10_1' type='text' value='' class='large'    placeholder='Vorname'  aria-invalid=\"false\"   \/><\/div><\/div><div id=\"field_10_5\" class=\"gfield gfield--type-email gfield--input-type-email gfield--width-half gfield_contains_required field_sublabel_below gfield--no-description field_description_below field_validation_below gfield_visibility_visible\"  ><label class='gfield_label gform-field-label' for='input_10_5'>E-Mail-Adresse<span class=\"gfield_required\"><span class=\"gfield_required gfield_required_asterisk\">*<\/span><\/span><\/label><div class='ginput_container ginput_container_email'>\n                            <input name='input_5' id='input_10_5' type='email' value='' class='large'   placeholder='E-Mail-Adresse*' aria-required=\"true\" aria-invalid=\"false\"  \/>\n                        <\/div><\/div><div id=\"field_10_15\" class=\"gfield gfield--type-phone gfield--input-type-phone gfield--width-half gfield_contains_required field_sublabel_below gfield--no-description field_description_below field_validation_below gfield_visibility_visible\"  ><label class='gfield_label gform-field-label' for='input_10_15'>Telefonnummer<span class=\"gfield_required\"><span class=\"gfield_required gfield_required_asterisk\">*<\/span><\/span><\/label><div class='ginput_container ginput_container_phone'><input name='input_15' id='input_10_15' type='tel' value='' class='large'  placeholder='Telefonnummer*' aria-required=\"true\" aria-invalid=\"false\"   \/><\/div><\/div><div id=\"field_10_4\" class=\"gfield gfield--type-text gfield--input-type-text gfield--width-full field_sublabel_below gfield--no-description field_description_below field_validation_below gfield_visibility_visible\"  ><label class='gfield_label gform-field-label' for='input_10_4'>Firmenname<\/label><div class='ginput_container ginput_container_text'><input name='input_4' id='input_10_4' type='text' value='' class='large'    placeholder='Firmenname'  aria-invalid=\"false\"   \/><\/div><\/div><div id=\"field_10_6\" class=\"gfield gfield--type-text gfield--input-type-text gfield--width-half gfield_contains_required field_sublabel_below gfield--no-description field_description_below field_validation_below gfield_visibility_visible\"  ><label class='gfield_label gform-field-label' for='input_10_6'>Land<span class=\"gfield_required\"><span class=\"gfield_required gfield_required_asterisk\">*<\/span><\/span><\/label><div class='ginput_container ginput_container_text'><input name='input_6' id='input_10_6' type='text' value='' class='large'    placeholder='Land*' aria-required=\"true\" aria-invalid=\"false\"   \/><\/div><\/div><div id=\"field_10_13\" class=\"gfield gfield--type-text gfield--input-type-text gfield--width-half gfield_contains_required field_sublabel_below gfield--no-description field_description_below field_validation_below gfield_visibility_visible\"  ><label class='gfield_label gform-field-label' for='input_10_13'>Ort<span class=\"gfield_required\"><span class=\"gfield_required gfield_required_asterisk\">*<\/span><\/span><\/label><div class='ginput_container ginput_container_text'><input name='input_13' id='input_10_13' type='text' value='' class='large'    placeholder='Ort*' aria-required=\"true\" aria-invalid=\"false\"   \/><\/div><\/div><div id=\"field_10_7\" class=\"gfield gfield--type-textarea gfield--input-type-textarea gfield--width-full gfield_contains_required field_sublabel_below gfield--no-description field_description_below field_validation_below gfield_visibility_visible\"  ><label class='gfield_label gform-field-label' for='input_10_7'>Nachricht<span class=\"gfield_required\"><span class=\"gfield_required gfield_required_asterisk\">*<\/span><\/span><\/label><div class='ginput_container ginput_container_textarea'><textarea name='input_7' id='input_10_7' class='textarea large'    placeholder='Nachricht*' aria-required=\"true\" aria-invalid=\"false\"   rows='10' cols='50'><\/textarea><\/div><\/div><fieldset id=\"field_10_14\" class=\"gfield gfield--type-consent gfield--type-choice gfield--input-type-consent gfield--width-full gfield_contains_required field_sublabel_below gfield--no-description field_description_below hidden_label field_validation_below gfield_visibility_visible\"  ><legend class='gfield_label gform-field-label gfield_label_before_complex' >Consent<span class=\"gfield_required\"><span class=\"gfield_required gfield_required_asterisk\">*<\/span><\/span><\/legend><div class='ginput_container ginput_container_consent'><input name='input_14.1' id='input_10_14_1' type='checkbox' value='1'   aria-required=\"true\" aria-invalid=\"false\"   \/> <label class=\"gform-field-label gform-field-label--type-inline gfield_consent_label\" for='input_10_14_1' >Mit dem Absenden dieses Formulars erkl\u00e4ren Sie sich mit der Kommunikation und Verarbeitung personenbezogener Daten gem\u00e4\u00df unserer Datenschutzerkl\u00e4rung einverstanden.<span class=\"gfield_required gfield_required_asterisk\">*<\/span><\/label><input type='hidden' name='input_14.2' value='Mit dem Absenden dieses Formulars erkl\u00e4ren Sie sich mit der Kommunikation und Verarbeitung personenbezogener Daten gem\u00e4\u00df unserer Datenschutzerkl\u00e4rung einverstanden.' class='gform_hidden' \/><input type='hidden' name='input_14.3' value='11' class='gform_hidden' \/><\/div><\/fieldset><\/div><\/div>\n        <div class='gform-footer gform_footer top_label'> <button class=\"button gform_button auto\" id=\"gform_submit_button_10\"><span>Anfrage senden<\/span><\/button> <input type='hidden' name='gform_ajax' value='form_id=10&amp;title=&amp;description=&amp;tabindex=0&amp;theme=gravity-theme&amp;styles=[]&amp;hash=2c77dbee01582ee735934e73ad3acb73' \/>\n            <input type='hidden' class='gform_hidden' name='gform_submission_method' data-js='gform_submission_method_10' value='iframe' \/>\n            <input type='hidden' class='gform_hidden' name='gform_theme' data-js='gform_theme_10' id='gform_theme_10' value='gravity-theme' \/>\n            <input type='hidden' class='gform_hidden' name='gform_style_settings' data-js='gform_style_settings_10' id='gform_style_settings_10' value='[]' \/>\n            <input type='hidden' class='gform_hidden' name='is_submit_10' value='1' \/>\n            <input type='hidden' class='gform_hidden' name='gform_submit' value='10' \/>\n            \n            <input type='hidden' class='gform_hidden' name='gform_currency' data-currency='EUR' value='IJvM55VjIQHm1CyCGbRx41rY\/ql0F3Zz0doV7qcDnyzFuztaUMup+0h\/L6\/V3kOAm3Y\/1wgUxH8b0iE\/Sj5xCJKMrwwOvo5qy+R\/CqRHLnWAecM=' \/>\n            <input type='hidden' class='gform_hidden' name='gform_unique_id' value='' \/>\n            <input type='hidden' class='gform_hidden' name='state_10' value='WyJ7XCI4XCI6W1wiYWY2NDZjOWMwYmVmN2Y0OGU2OThhZDE1OTllMDA3YWRcIixcImVkYzdlYjczNGVhOTIwMTVjYjY2ODYwMDNmNzdlNzAwXCIsXCI1YmY0NDJkZWUzZmU1N2EzNmNhNzdmZmYxOTA3MTcwNVwiLFwiNTM0MDAyOWQ1Njg2ODJkNmExYzZlMTM5YjNiYWVlNGZcIixcIjNkNDYyNTBiNTVjY2NlYzg1ODlmODk3NDNjMThkMzRkXCJdLFwiMTQuMVwiOlwiNGViMzFjNjgxYWFjY2YyYzNiYTlkNDllMDI3MjYwZmVcIixcIjE0LjJcIjpcImU4MDc4NDBiZGUzM2JlYzVhZjQ1NzRjMmJkZTExYTlmXCIsXCIxNC4zXCI6XCI5N2JmZjMyYTYxOWI1NmZkNDRlYzczNmU1YjVlOTYwYVwifSIsIjYzZDZhMjkzYTllNDA5YWI2YmYxOWQxZjViZGE0NTI5Il0=' \/>\n            <input type='hidden' autocomplete='off' class='gform_hidden' name='gform_target_page_number_10' id='gform_target_page_number_10' value='0' \/>\n            <input type='hidden' autocomplete='off' class='gform_hidden' name='gform_source_page_number_10' id='gform_source_page_number_10' value='1' \/>\n            <input type='hidden' name='gform_field_values' value='' \/>\n            \n        <\/div>\n                        <input type=\"hidden\" id=\"ct_checkjs_5487315b1286f907165907aa8fc96619\" name=\"ct_checkjs\" value=\"0\" \/><script >setTimeout(function(){var ct_input_name = \"ct_checkjs_5487315b1286f907165907aa8fc96619\";if (document.getElementById(ct_input_name) !== null) {var ct_input_value = document.getElementById(ct_input_name).value;document.getElementById(ct_input_name).value = document.getElementById(ct_input_name).value.replace(ct_input_value, 'd18d959d199c17ae6de8c33e9cca24bf0623a566a50ee31f9ea46cb368b95b2d');}}, 1000);<\/script><input\n                    class=\"apbct_special_field apbct_email_id__gravity_form\"\n                    name=\"apbct__email_id__gravity_form\"\n                    aria-label=\"apbct__label_id__gravity_form\"\n                    type=\"text\" size=\"30\" maxlength=\"200\" autocomplete=\"off\"\n                    value=\"\"\n                \/><\/form>\n                        <\/div>\n\t\t                <iframe style='display:none;width:0px;height:0px;' src='about:blank' name='gform_ajax_frame_10' id='gform_ajax_frame_10' title='Dieser iframe enth\u00e4lt die erforderliche Logik um Gravity Forms Formulare mit AJAX zu handhaben.'><\/iframe>\n\t\t                <script type=\"text\/javascript\">\n\/* <![CDATA[ *\/\n gform.initializeOnLoaded( function() {gformInitSpinner( 10, 'https:\/\/evaoptic.com\/de\/wp-content\/plugins\/gravityforms\/images\/spinner.svg', true );jQuery('#gform_ajax_frame_10').on('load',function(){var contents = jQuery(this).contents().find('*').html();var is_postback = contents.indexOf('GF_AJAX_POSTBACK') >= 0;if(!is_postback){return;}var form_content = jQuery(this).contents().find('#gform_wrapper_10');var is_confirmation = jQuery(this).contents().find('#gform_confirmation_wrapper_10').length > 0;var is_redirect = contents.indexOf('gformRedirect(){') >= 0;var is_form = form_content.length > 0 && ! is_redirect && ! is_confirmation;var mt = parseInt(jQuery('html').css('margin-top'), 10) + parseInt(jQuery('body').css('margin-top'), 10) + 100;if(is_form){jQuery('#gform_wrapper_10').html(form_content.html());if(form_content.hasClass('gform_validation_error')){jQuery('#gform_wrapper_10').addClass('gform_validation_error');} else {jQuery('#gform_wrapper_10').removeClass('gform_validation_error');}setTimeout( function() { \/* delay the scroll by 50 milliseconds to fix a bug in chrome *\/ jQuery(document).scrollTop(jQuery('#gform_wrapper_10').offset().top - mt); }, 50 );if(window['gformInitDatepicker']) {gformInitDatepicker();}if(window['gformInitPriceFields']) {gformInitPriceFields();}var current_page = jQuery('#gform_source_page_number_10').val();gformInitSpinner( 10, 'https:\/\/evaoptic.com\/de\/wp-content\/plugins\/gravityforms\/images\/spinner.svg', true );jQuery(document).trigger('gform_page_loaded', [10, current_page]);window['gf_submitting_10'] = false;}else if(!is_redirect){var confirmation_content = jQuery(this).contents().find('.GF_AJAX_POSTBACK').html();if(!confirmation_content){confirmation_content = contents;}jQuery('#gform_wrapper_10').replaceWith(confirmation_content);jQuery(document).scrollTop(jQuery('#gf_10').offset().top - mt);jQuery(document).trigger('gform_confirmation_loaded', [10]);window['gf_submitting_10'] = false;wp.a11y.speak(jQuery('#gform_confirmation_message_10').text());}else{jQuery('#gform_10').append(contents);if(window['gformRedirect']) {gformRedirect();}}jQuery(document).trigger(\"gform_pre_post_render\", [{ formId: \"10\", currentPage: \"current_page\", abort: function() { this.preventDefault(); } }]);        if (event && event.defaultPrevented) {                return;        }        const gformWrapperDiv = document.getElementById( \"gform_wrapper_10\" );        if ( gformWrapperDiv ) {            const visibilitySpan = document.createElement( \"span\" );            visibilitySpan.id = \"gform_visibility_test_10\";            gformWrapperDiv.insertAdjacentElement( \"afterend\", visibilitySpan );        }        const visibilityTestDiv = document.getElementById( \"gform_visibility_test_10\" );        let postRenderFired = false;        function triggerPostRender() {            if ( postRenderFired ) {                return;            }            postRenderFired = true;            gform.core.triggerPostRenderEvents( 10, current_page );            if ( visibilityTestDiv ) {                visibilityTestDiv.parentNode.removeChild( visibilityTestDiv );            }        }        function debounce( func, wait, immediate ) {            var timeout;            return function() {                var context = this, args = arguments;                var later = function() {                    timeout = null;                    if ( !immediate ) func.apply( context, args );                };                var callNow = immediate && !timeout;                clearTimeout( timeout );                timeout = setTimeout( later, wait );                if ( callNow ) func.apply( context, args );            };        }        const debouncedTriggerPostRender = debounce( function() {            triggerPostRender();        }, 200 );        if ( visibilityTestDiv && visibilityTestDiv.offsetParent === null ) {            const observer = new MutationObserver( ( mutations ) => {                mutations.forEach( ( mutation ) => {                    if ( mutation.type === 'attributes' && visibilityTestDiv.offsetParent !== null ) {                        debouncedTriggerPostRender();                        observer.disconnect();                    }                });            });            observer.observe( document.body, {                attributes: true,                childList: false,                subtree: true,                attributeFilter: [ 'style', 'class' ],            });        } else {            triggerPostRender();        }    } );} ); \n\/* ]]> *\/\n<\/script>\n                    <\/div>\r\n                                        <div class=\"cta bg-14 color-1 font-size-l font-1-medium font-size-5 border-radius-xs txt-center\">\r\n                        <h4 class=\"font-size-h3\">\r\n                            Erleben Sie den EVAstream, buchen Sie eine Probefahrt                        <\/h4>\r\n                        <p>Entdecken Sie die nat\u00fcrliche, kraftvolle Str\u00f6mung des EVAstream und erleben Sie den Unterschied beim Schwimmen.<\/p>\r\n                        <div class=\"buttons buttons-cnt-1\">\r\n      <a href=\"https:\/\/evaoptic.com\/de\/kontakt\/probeschwimmen\/\"  class=\"button color-border-1  button-icon-none default \">\r\n            <span>Termin vereinbaren<\/span>\r\n    <\/a>\r\n    <\/div>                    <\/div>\r\n                                <\/div>\r\n        <\/div>\r\n    <\/div>\r\n    \r\n<\/div>\n\n<div id=\"contact-block_a9d4a6c2f2403f771ec2bd44a8d1658f\" class=\"content-block block-cnt-3 block-type-contact space-inside-default space-outside-both-s default\" style=\"\">\r\n    <div class=\"container fx-display fx-sm-direction-column\">\r\n        <div class=\"content\">\r\n                                <h2 class=\"font-size-h3\">Contact information<\/h2>\r\n                                <div class=\"info\">\r\n                                    <div class=\"line\">\r\n                        <div class=\"label\">\r\n                            <img decoding=\"async\" src=\"https:\/\/evaoptic.com\/de\/wp-content\/themes\/evaoptic\/graphics\/icon-marker-1.svg\" alt=\"\" class=\"graphics-icon-marker-1\" loading=\"lazy\" fetchpriority=\"low\">                        <\/div>\r\n                        <div class=\"val\">\r\n                            De Velde 1<br \/>8064 PH Zwartsluis<br \/>The Netherlands                        <\/div>\r\n                    <\/div>\r\n                                        <div class=\"line\">\r\n                        <div class=\"label\">\r\n                            <img decoding=\"async\" src=\"https:\/\/evaoptic.com\/de\/wp-content\/themes\/evaoptic\/graphics\/icon-phone-1.svg\" alt=\"\" class=\"graphics-icon-phone-1\" loading=\"lazy\" fetchpriority=\"low\">                        <\/div>\r\n                        <div class=\"val\">\r\n                            <a href=\"tel:+31 (0)38 \u2013 33 75 067\">\r\n                                +31 (0)38 \u2013 33 75 067                            <\/a>\r\n                        <\/div>\r\n                    <\/div>\r\n                                        <div class=\"line\">\r\n                        <div class=\"label\">\r\n                            <img decoding=\"async\" src=\"https:\/\/evaoptic.com\/de\/wp-content\/themes\/evaoptic\/graphics\/icon-mail-1.svg\" alt=\"\" class=\"graphics-icon-mail-1\" loading=\"lazy\" fetchpriority=\"low\">                        <\/div>\r\n                        <div class=\"val\">\r\n                            <a href=\"mailto:info@evaoptic.com\">\r\n                                info@evaoptic.com                            <\/a>\r\n                        <\/div>\r\n                    <\/div>\r\n                                <\/div>\r\n        <\/div>\r\n                    <div id=\"contact-block_a9d4a6c2f2403f771ec2bd44a8d1658f-map\" class=\"map fx-grow-1\" data-name=\"\" data-address=\"https:\/\/www.google.com\/maps\/dir\/\/De+Velde+18064+PH+ZwartsluisThe+Netherlands\" data-location=\"6.083427,52.637007\" data-api=\"pk.eyJ1IjoiYnJhbmRzaGFrZS1ubCIsImEiOiJjbWJxa29od2YwMGRpMmpyOHhvOW5qZXdqIn0.uiAM340IJjNUc-TZmt78gQ\"><\/div>\r\n                <\/div>\r\n<\/div>","protected":false},"excerpt":{"rendered":"","protected":false},"author":1,"featured_media":0,"parent":168,"menu_order":0,"comment_status":"closed","ping_status":"closed","template":"","meta":{"_acf_changed":false,"footnotes":""},"class_list":["post-2949","page","type-page","status-publish","hentry"],"acf":[],"_links":{"self":[{"href":"https:\/\/evaoptic.com\/de\/wp-json\/wp\/v2\/pages\/2949","targetHints":{"allow":["GET"]}}],"collection":[{"href":"https:\/\/evaoptic.com\/de\/wp-json\/wp\/v2\/pages"}],"about":[{"href":"https:\/\/evaoptic.com\/de\/wp-json\/wp\/v2\/types\/page"}],"author":[{"embeddable":true,"href":"https:\/\/evaoptic.com\/de\/wp-json\/wp\/v2\/users\/1"}],"replies":[{"embeddable":true,"href":"https:\/\/evaoptic.com\/de\/wp-json\/wp\/v2\/comments?post=2949"}],"version-history":[{"count":6,"href":"https:\/\/evaoptic.com\/de\/wp-json\/wp\/v2\/pages\/2949\/revisions"}],"predecessor-version":[{"id":2990,"href":"https:\/\/evaoptic.com\/de\/wp-json\/wp\/v2\/pages\/2949\/revisions\/2990"}],"up":[{"embeddable":true,"href":"https:\/\/evaoptic.com\/de\/wp-json\/wp\/v2\/pages\/168"}],"wp:attachment":[{"href":"https:\/\/evaoptic.com\/de\/wp-json\/wp\/v2\/media?parent=2949"}],"curies":[{"name":"wp","href":"https:\/\/api.w.org\/{rel}","templated":true}]}}