{"id":2,"date":"2025-06-10T12:41:16","date_gmt":"2025-06-10T12:41:16","guid":{"rendered":"https:\/\/evaoptic.com\/de\/?page_id=2"},"modified":"2026-01-27T13:14:42","modified_gmt":"2026-01-27T12:14:42","slug":"home","status":"publish","type":"page","link":"https:\/\/evaoptic.com\/de\/","title":{"rendered":"Homepage"},"content":{"rendered":"<div id=\"hero-block_c8865504944b5e240d40eea6ba583821\" class=\"content-block block-cnt-1 block-type-hero space-inside-default space-outside-default default display-default\" style=\"\">\r\n    <div class=\"img fx-display fx-justify-center fx-align-items-center txt-bg-top\">\r\n          <video autoplay muted loop playsinline poster=\"\">\r\n        <source src=\"https:\/\/evaoptic.com\/de\/wp-content\/uploads\/sites\/3\/2025\/11\/EVAstream-trainings-modele_subEN-header.mp4\" type=\"video\/mp4\">\r\n      <\/video>\r\n        <\/div>\r\n    <div class=\"intro txt-bg\">\r\n    <div class=\"container\">\r\n      <div class=\"title\">\r\n                        <h1 class=\"font-size-h1 color-white\">Holen Sie das Beste aus Ihrem Pool heraus<\/h1>\r\n                      <\/div>\r\n          <\/div>\r\n  <\/div>\r\n<\/div>\n\n<div id=\"text-img-block_8b580f5107fbef6dd16ce3d49eb291b3\" class=\"content-block block-cnt-2 block-type-text-img space-inside-both-s space-outside-default default display-img-left-same img-size-respect\" style=\"\">\n    <div class=\"container fx-display fx-justify-center\">\n        <div class=\"container-default fx-display fx-align-items-center fx-md-direction-column\">\n            <div class=\"content fx-md-order-1 fx-order-1 default\">\n                                        <h2 class=\"font-size-h2 default color-\">Das ganze Jahr \u00fcber schwimmen<\/h2>\n                        <p>Schwimmen im eigenen Pool war noch nie so aufregend. Mit dem leistungsstarken EVAstream k\u00f6nnen Sie auch in einem kleinen Pool frei schwimmen. Nicht nur an hei\u00dfen Sommertagen, sondern jeden Tag, das ganze Jahr \u00fcber. Holen Sie das Beste aus Ihrem Pool heraus!<\/p>\n<p>Mit der intuitiven EVA Web app k\u00f6nnen Sie den EVAstream und unseren atmosph\u00e4rischen EVAsubaqua bedienen und so f\u00fcr das perfekte Ambiente sorgen. Und dank des kabellosen EVAstream Move ist dieses einzigartige Erlebnis nun auch in bestehenden Schwimmb\u00e4dern m\u00f6glich.<\/p>\n<p>Als europ\u00e4ischer Marktf\u00fchrer setzen wir auf Innovation und nachhaltige Qualit\u00e4t. Deshalb entwickeln und produzieren wir alle unsere Produkte selbst in den Niederlanden und gew\u00e4hrleisten so h\u00f6chste Standards.<\/p>\n            <\/div>\n                            <div class=\"img fx-md-order-0 img-size-respect\">\n                    <img decoding=\"async\" src=\"https:\/\/evaoptic.com\/de\/wp-content\/graphics\/wp-content-uploads-sites-3-2025-10-wp-content-uploads-2025-10-09_2025_eva-optics_beeldbank_45-bijgesneden-2-png176122562813702000109_2025_eva-optics_beeldbank_45-bijgesneden-209_2025_e-jpg176156399968.jpg\" title=\"wp-content-uploads-2025-10-09_2025_eva-optics_beeldbank_45-bijgesneden-2-png176122562813702000109_2025_eva-optics_beeldbank_45-bijgesneden-209_2025_e\" alt=\"wp-content-uploads-2025-10-09_2025_eva-optics_beeldbank_45-bijgesneden-2-png176122562813702000109_2025_eva-optics_beeldbank_45-bijgesneden-209_2025_e\" loading=\"lazy\" fetchpriority=\"low\" style=\"object-position: 50% 60%;\" width=\"685\" height=\"1000\" >                <\/div>\n                        <\/div>\n    <\/div>\n<\/div>\n\n\n<div id=\"stats-block_d9e3cec3285243c87feec645d6a5cbda\" class=\"content-block block-cnt-3 block-type-stats space-inside-default space-outside-default bg-2\" style=\"\">\r\n  <div class=\"img\">\r\n    <img decoding=\"async\" class=\"hide-md\" src=\"https:\/\/evaoptic.com\/de\/wp-content\/graphics\/wp-content-uploads-sites-3-2025-06-eva-optic-production_15-png176122562220005301eva-optic-production_15eva-optic-production_151600800lazy.jpg\" title=\"EVA Optic &#8211; production_15\" alt=\"EVA Optic &#8211; production_15\" loading=\"lazy\" fetchpriority=\"low\" width=\"1917\" height=\"530\" ><img decoding=\"async\" src=\"https:\/\/evaoptic.com\/de\/wp-content\/graphics\/wp-content-uploads-sites-3-2025-06-eva-optic-production_15-png17612256226008001.jpg\" title=\"EVA Optic &#8211; production_15\" alt=\"EVA Optic &#8211; production_15\" loading=\"lazy\" fetchpriority=\"low\" width=\"600\" height=\"800\"  class=\"show-md\">  <\/div>\r\n  <div class=\"stats txt-bg\">\r\n    <div class=\"container\">\r\n      <div class=\"stats-list\">\r\n                        <div class=\"stat font-size-4 color-white\">\r\n                    15+ Jahre Erfahrung                <\/div>  \r\n                                <div class=\"stat font-size-4 color-white\">\r\n                    48 L\u00e4ndern                <\/div>  \r\n                                <div class=\"stat font-size-4 color-white\">\r\n                    863 \u00d6ffentliche Schwimmb\u00e4der und Wasserparks                <\/div>  \r\n                                <div class=\"stat font-size-4 color-white\">\r\n                    16.400 Privatpools                <\/div>  \r\n                      <\/div>\r\n    <\/div>\r\n  <\/div>\r\n<\/div>\n\n<div id=\"products-block_82b2dbce67930a0484242c6ae1118046\" class=\"content-block block-cnt-4 block-type-products space-inside-both-s space-outside-default default\" style=\"\">\r\n    <div class=\"container\">\r\n                        <h2 class=\"font-size-h2\">Unsere Produkte<\/h2>\r\n                            <div class=\"products\">\r\n                <div class=\"swiper\">\r\n\r\n                    <div class=\"swiper-wrapper\">\r\n                                                    <a href=\"https:\/\/evaoptic.com\/de\/produkt\/evastream\/\" class=\"product product-0 swiper-slide txt-bg border-radius-xs\">\r\n                                <img decoding=\"async\" src=\"https:\/\/evaoptic.com\/de\/wp-content\/graphics\/wp-content-uploads-sites-3-2025-10-09_2025_eva-optics_beeldbank_45-bijgesneden-2-png1761225625400720109_2025_eva-optics_beeldbank_45-bijgesneden-209_2025_eva-optics_beeldbank_45-bijges.jpg\" title=\"09_2025_EVA OPTICS_BEELDBANK_45 &#8211; bijgesneden 2\" alt=\"09_2025_EVA OPTICS_BEELDBANK_45 &#8211; bijgesneden 2\" class=\"border-radius-xs\" loading=\"lazy\" fetchpriority=\"low\" width=\"400\" height=\"720\" >                                <div class=\"info font-size-5 color-white\">\r\n                                    <h3 class=\"font-size-h4 font-1-bold\">EVAstream<\/h3>\r\n                                    <p>Erzeugt eine starke, breite und weitreichende Str\u00f6mung f\u00fcr ein angenehmes Schwimmerlebnis.<\/p>\n                                    <div class=\"button color-border-white\">\r\n                                        Weiterlesen                                    <\/div>\r\n                                <\/div>\r\n                            <\/a>     \r\n                                                        <a href=\"https:\/\/evaoptic.com\/de\/produkt\/evastream-move\/\" class=\"product product-1 swiper-slide txt-bg border-radius-xs\">\r\n                                <img decoding=\"async\" src=\"https:\/\/evaoptic.com\/de\/wp-content\/graphics\/wp-content-uploads-sites-3-2025-06-09_2025_eva-optics_beeldbank_38-jpg1761225622400720109_2025_eva-optics_beeldbank_3809_2025_eva-optics_beeldbank_38border-radius-xslazy.jpg\" title=\"09_2025_EVA OPTICS_BEELDBANK_38\" alt=\"09_2025_EVA OPTICS_BEELDBANK_38\" class=\"border-radius-xs\" loading=\"lazy\" fetchpriority=\"low\" width=\"400\" height=\"720\" >                                <div class=\"info font-size-5 color-white\">\r\n                                    <h3 class=\"font-size-h4 font-1-bold\">EVAstream Move<\/h3>\r\n                                    <p>Ein kabelloses Plug-and-Play-Gegenstromger\u00e4t, das in jeden Pool passt.<\/p>\n                                    <div class=\"button color-border-white\">\r\n                                        Weiterlesen                                    <\/div>\r\n                                <\/div>\r\n                            <\/a>     \r\n                                                        <a href=\"https:\/\/evaoptic.com\/de\/produkt\/evasubaqua\/\" class=\"product product-2 swiper-slide txt-bg border-radius-xs\">\r\n                                <img decoding=\"async\" src=\"https:\/\/evaoptic.com\/de\/wp-content\/graphics\/wp-content-uploads-sites-3-2025-06-evasubaqua_05-jpg17612256224007201evasubaqua_05evasubaqua_05border-radius-xslazy.jpg\" title=\"EVAsubaqua_05\" alt=\"EVAsubaqua_05\" class=\"border-radius-xs\" loading=\"lazy\" fetchpriority=\"low\" width=\"400\" height=\"720\" >                                <div class=\"info font-size-5 color-white\">\r\n                                    <h3 class=\"font-size-h4 font-1-bold\">EVAsubaqua<\/h3>\r\n                                    <p>Wir bieten f\u00fcr jedes Schwimmbad eine passende Beleuchtungsl\u00f6sung.<\/p>\n                                    <div class=\"button color-border-white\">\r\n                                        Weiterlesen                                    <\/div>\r\n                                <\/div>\r\n                            <\/a>     \r\n                                                <\/div>\r\n                <\/div>\r\n            <\/div>\r\n                <\/div>\r\n<\/div>\r\n\n\n<div id=\"text-img-block_b99fbdb005a7785a41d6ce95906982da\" class=\"content-block block-cnt-5 block-type-text-img space-inside-both-s space-outside-default default display-img-left-same img-size-respect\" style=\"\">\n    <div class=\"container fx-display fx-justify-center\">\n        <div class=\"container-default fx-display fx-align-items-center fx-md-direction-column\">\n            <div class=\"content fx-md-order-1 fx-order-1 default\">\n                                    <h5 class=\"minititle font-size-s font-1-bold color-txt txt-upper\">Erleben Sie den EVAstream<\/h5>\n                                            <h2 class=\"font-size-h2 default color-\">Die Gegenstrom-Schwimmmaschine<\/h2>\n                        <p>Eine Reihe von Schwimmger\u00e4ten mit sechs Modellen, die f\u00fcr jeden Schwimmer geeignet sind, vom Freizeitsportler bis zum Spitzensportler. Mit Durchflusskapazit\u00e4ten von 175 m\u00b3\/h bis 550 m\u00b3\/h ist immer das passende Ger\u00e4t dabei.<\/p>\n<p>Die Reihe umfasst nun neue Modelle, von einer erschwinglichen Einstiegsversion bis hin zu einem besonders leistungsstarken Modell mit Doppelturbine f\u00fcr Spitzensportler. Dank der Plug-and-Play-Installation ist die Einrichtung einfacher denn je. Das EVAstream Next ist das leiseste Gegenstrom-Schwimmger\u00e4t auf dem Markt.<\/p>\n<p>Mit mehreren EVA Steuerungsoptionen k\u00f6nnen Sie das Steuerungssystem w\u00e4hlen, das Ihren Trainingsanforderungen entspricht. W\u00e4hlen Sie zwischen einfacher Bedienung und fortschrittlichen Schwimmprogrammen.<\/p>\n            <\/div>\n                            <div class=\"img fx-md-order-0 img-size-respect\">\n                    <img decoding=\"async\" src=\"https:\/\/evaoptic.com\/de\/wp-content\/graphics\/wp-content-uploads-sites-3-2025-06-09_2025_eva-optics_beeldbank_19-jpg17612256221200800109_2025_eva-optics_beeldbank_1909_2025_eva-optics_beeldbank_19lazyobject-position-50-60.jpg\" title=\"09_2025_EVA OPTICS_BEELDBANK_19\" alt=\"09_2025_EVA OPTICS_BEELDBANK_19\" loading=\"lazy\" fetchpriority=\"low\" style=\"object-position: 50% 60%;\" width=\"1200\" height=\"800\" >                <\/div>\n                        <\/div>\n    <\/div>\n<\/div>\n\n\n<div id=\"text-img-block_21823f6ae12de4de66eb465b3d9209b1\" class=\"content-block block-cnt-6 block-type-text-img space-inside-both-s space-outside-default bg-6 display-img-right-m img-size-default\" style=\"\">\n    <div class=\"container fx-display fx-justify-center\">\n        <div class=\"container-default fx-display fx-align-items-center fx-md-direction-column\">\n            <div class=\"content fx-md-order-1 default\">\n                                    <h5 class=\"minititle font-size-s font-1-bold color-txt txt-upper\">Red Dot Design Award 2025 Gewinner<\/h5>\n                                            <h2 class=\"font-size-h2 default color-\">Preisgekr\u00f6ntes Design<\/h2>\n                        <p>Erleben Sie den preisgekr\u00f6nten EVAstream Move. Dieses zuverl\u00e4ssige, elegante System vereint m\u00fchelose Bedienung, maximale Flexibilit\u00e4t und nahtlose Integration in Ihren Swimmingpool. Bringen Sie Ihr Schwimmerlebnis auf ein neues Niveau mit einem Produkt, das Sicherheit, Design und Leistung perfekt miteinander verbindet.<\/p>\n<div class=\"buttons buttons-cnt-2\">\r\n      <a href=\"https:\/\/evaoptic.com\/de\/produkt\/evastream-move\/\"  class=\"button   button-icon-none default \">\r\n            <span>Der EVAstream Move<\/span>\r\n    <\/a>\r\n        <a href=\"https:\/\/evaoptic.com\/de\/inspiration\/evastream-move-gewinnt-red-dot-design-award-2025\/\"  class=\"button color-border-1  button-icon-none default \">\r\n            <span>Mehr \u00fcber die Auszeichnung<\/span>\r\n    <\/a>\r\n    <\/div>            <\/div>\n                            <div class=\"img fx-md-order-0 img-size-default\">\n                    <img decoding=\"async\" src=\"https:\/\/evaoptic.com\/de\/wp-content\/graphics\/wp-content-uploads-sites-3-2025-06-evastream-move-zwart-4-reddot-1-png176122562275050011evastream-move-zwart-4-reddotevastream-move-zwart-4-reddotlazy.png\" title=\"EVAStream Move Zwart-4 reddot\" alt=\"EVAStream Move Zwart-4 reddot\" loading=\"lazy\" fetchpriority=\"low\" width=\"750\" height=\"500\" >                <\/div>\n                        <\/div>\n    <\/div>\n<\/div>\n\n\n<div id=\"text-img-block_3618e5396b99bb9ce38548d8bc1bb09c\" class=\"content-block block-cnt-7 block-type-text-img space-inside-both-m space-outside-default default display-img-left-same img-size-default\" style=\"\">\n    <div class=\"container fx-display fx-justify-center\">\n        <div class=\"container-default fx-display fx-align-items-center fx-md-direction-column\">\n            <div class=\"content fx-md-order-1 fx-order-1 default\">\n                                    <h5 class=\"minititle font-size-s font-1-bold color-txt txt-upper\">Erleben Sie den EVAstream<\/h5>\n                                            <h2 class=\"font-size-h2 default color-\">Hochwertige Eigenproduktion<\/h2>\n                        <p><strong>Pr\u00e4zision und Flexibilit\u00e4t<\/strong><br \/>\nVom Konzept bis zum Endprodukt entwerfen, konstruieren und fertigen wir alles intern in hoher Geschwindigkeit. Mit Sitz in Zwartsluis, Niederlande, entwickeln wir sichere, nachhaltige und hochwertige L\u00f6sungen f\u00fcr anspruchsvolle Schwimmbad- und Sportumgebungen.<\/p>\n<p><strong>Volle Kontrolle, maximale Flexibilit\u00e4t<\/strong><br \/>\nDank unserer fortschrittlichen Eigenfertigung gew\u00e4hrleisten wir Spitzenleistung, kurze Lieferzeiten und stabile Preise. Durch die Reduzierung unserer Abh\u00e4ngigkeit von Lieferanten garantieren wir eine zuverl\u00e4ssige, hochwertige Lieferkette, sodass Sie immer das Beste erhalten.<\/p>\n<div class=\"buttons buttons-cnt-1\">\r\n      <a href=\"https:\/\/evaoptic.com\/de\/uber-eva\/\"  class=\"button   button-icon-none default \">\r\n            <span>\u00dcber EVA Optic<\/span>\r\n    <\/a>\r\n    <\/div>            <\/div>\n                            <div class=\"img fx-md-order-0 img-size-default\">\n                    <img decoding=\"async\" src=\"https:\/\/evaoptic.com\/de\/wp-content\/graphics\/wp-content-uploads-sites-3-2025-06-eva-optic-production_13-png176122562275050011eva-optic-production_13eva-optic-production_13lazyobject-position-5-50.png\" title=\"EVA Optic &#8211; production_13\" alt=\"EVA Optic &#8211; production_13\" loading=\"lazy\" fetchpriority=\"low\" style=\"object-position: 5% 50%;\" width=\"750\" height=\"500\" >                <\/div>\n                        <\/div>\n    <\/div>\n<\/div>\n\n\n<div id=\"cta-block_736c98b6bec81f655d38ce47f4f9a907\" class=\"content-block block-cnt-8 block-type-cta space-inside-both-s space-outside-default bg-6 display-default\" style=\"\">\r\n    <div class=\"container fx-display fx-justify-center\">\r\n        <div class=\"container-default\">\r\n            <div class=\"cta default\">\r\n                                        <h2 class=\"font-size-h2\">Fragen oder Ratschl\u00e4ge?<\/h2>\r\n                                        <div class=\"cta-content display-default fx-display fx-align-items-flex-center fx-sm-direction-column\">\r\n                                            <div class=\"content\">\r\n                            <p>Sind Sie an einer unserer L\u00f6sungen interessiert? Z\u00f6gern Sie nicht, uns zu kontaktieren. Unsere Spezialisten informieren Sie gerne \u00fcber unsere Produkte und beraten Sie individuell.<\/p>\n                        <\/div>\r\n                        <div class=\"buttons buttons-cnt-1\">\r\n      <a href=\"https:\/\/evaoptic.com\/de\/kontakt\/fachleute\/\"  class=\"button   button-icon-none default \">\r\n            <span>Kontakt<\/span>\r\n    <\/a>\r\n    <\/div>                <\/div>\r\n            <\/div>\r\n        <\/div>\r\n    <\/div>\r\n    \r\n<\/div>","protected":false},"excerpt":{"rendered":"","protected":false},"author":1,"featured_media":0,"parent":0,"menu_order":0,"comment_status":"closed","ping_status":"closed","template":"","meta":{"_acf_changed":false,"footnotes":""},"class_list":["post-2","page","type-page","status-publish","hentry"],"acf":[],"_links":{"self":[{"href":"https:\/\/evaoptic.com\/de\/wp-json\/wp\/v2\/pages\/2","targetHints":{"allow":["GET"]}}],"collection":[{"href":"https:\/\/evaoptic.com\/de\/wp-json\/wp\/v2\/pages"}],"about":[{"href":"https:\/\/evaoptic.com\/de\/wp-json\/wp\/v2\/types\/page"}],"author":[{"embeddable":true,"href":"https:\/\/evaoptic.com\/de\/wp-json\/wp\/v2\/users\/1"}],"replies":[{"embeddable":true,"href":"https:\/\/evaoptic.com\/de\/wp-json\/wp\/v2\/comments?post=2"}],"version-history":[{"count":8,"href":"https:\/\/evaoptic.com\/de\/wp-json\/wp\/v2\/pages\/2\/revisions"}],"predecessor-version":[{"id":2991,"href":"https:\/\/evaoptic.com\/de\/wp-json\/wp\/v2\/pages\/2\/revisions\/2991"}],"wp:attachment":[{"href":"https:\/\/evaoptic.com\/de\/wp-json\/wp\/v2\/media?parent=2"}],"curies":[{"name":"wp","href":"https:\/\/api.w.org\/{rel}","templated":true}]}}