{"id":1904,"date":"2025-06-10T15:46:54","date_gmt":"2025-06-10T13:46:54","guid":{"rendered":"https:\/\/evaoptic.com\/de\/?page_id=1904"},"modified":"2026-01-27T13:33:15","modified_gmt":"2026-01-27T12:33:15","slug":"besuchen-eva","status":"publish","type":"page","link":"https:\/\/evaoptic.com\/de\/fachleute\/besuchen-eva\/","title":{"rendered":"Besuchen EVA"},"content":{"rendered":"<div id=\"text-block_a19e319a326e10e1d0c7c73e21ec16f6\" class=\"content-block block-cnt-1 block-type-text space-inside-top-l space-outside-default default font-size-default\" style=\"\">\r\n    <div class=\"container fx-display fx-justify-center\">\r\n        <div class=\"container-default\">\r\n            <div class=\"block-content fx-display fx-direction-column display-vertical\">\r\n                                    <div class=\"intro content do-last txt-left\">\r\n                                                        <h1 class=\"font-size-h1 color- default\">\r\n                                    Besuchen Sie die EVA Experience                                <\/h1>\r\n                                                    <\/div>\r\n                                    <div class=\"body content txt-left font-size-default\">\r\n                    <p>Entdecken Sie die Leistungsf\u00e4higkeit von EVA: Besuchen Sie unseren Showroom oder unseren Demopool, um unsere Produkte in der Praxis zu erleben. Sehen, f\u00fchlen und verstehen Sie den Unterschied, den unsere Beleuchtungs- und Gegenstrom-L\u00f6sungen ausmachen. Besuchen Sie EVA, wo Innovation, Design und Leistung zusammenkommen, um Fachleute und Poolbesitzer gleicherma\u00dfen zu inspirieren.<\/p>\n                    <div class=\"buttons-container fx-display\">\r\n                                            <\/div>\r\n                <\/div>\r\n            <\/div>\r\n        <\/div>\r\n    <\/div>\r\n<\/div>\n\n<div id=\"text-img-block_47031f2182a27b0c5b566559feb868c6\" class=\"content-block block-cnt-2 block-type-text-img space-inside-both-s space-outside-default default display-img-right img-size-default\" style=\"\">\n    <div class=\"container fx-display fx-justify-center\">\n        <div class=\"container-default fx-display fx-align-items-center fx-md-direction-column\">\n            <div class=\"content fx-md-order-1 default\">\n                                        <h2 class=\"font-size-h2 default color-\">Besuchen EVA<\/h2>\n                        <div class=\"fusion-text fusion-text-12 fusion-text-no-margin\">\n<p>Sie sind herzlich eingeladen, uns mit Ihrem gesamten Team oder einer kleinen Gruppe zu besuchen und an einer pers\u00f6nlichen F\u00fchrung durch unsere Produktionsst\u00e4tte teilzunehmen. Entdecken Sie, wie EVA-Produkte entwickelt, montiert und getestet werden, und erleben Sie in unserem Showroom unser gesamtes Sortiment an Beleuchtungs- und Gegenstrom-Schwimml\u00f6sungen aus erster Hand.<\/p>\n<\/div>\n<div class=\"buttons buttons-cnt-1\">\r\n      <a href=\"https:\/\/evaoptic.com\/de\/kontakt\/fachleute\/\"  class=\"button color-border-1  button-icon-none default \">\r\n            <span>Kontakt<\/span>\r\n    <\/a>\r\n    <\/div>            <\/div>\n                            <div class=\"img fx-md-order-0 img-size-default\">\n                    <img decoding=\"async\" src=\"https:\/\/evaoptic.com\/de\/wp-content\/graphics\/wp-content-uploads-sites-3-2025-08-eva-optic_01-jpg176122562375050011eva-optic_01eva-optic_01lazy.jpg\" title=\"EVA Optic_01\" alt=\"EVA Optic_01\" loading=\"lazy\" fetchpriority=\"low\" width=\"750\" height=\"500\" >                <\/div>\n                        <\/div>\n    <\/div>\n<\/div>\n\n\n<div id=\"columns-block_d0334c52bd5a7324d66cceeeaefea4b4\" class=\"content-block block-cnt-3 block-type-columns space-inside-both-s space-outside-default default\" style=\"\">\r\n\r\n    \r\n    <div class=\"container\">\r\n                    <div class=\"columns swiper wa-same-sizes\">\r\n                <div class=\"swiper-wrapper\">\r\n                    <div class=\"column columns-2 wa-same-size swiper-slide content fx-display fx-direction-column \">\r\n    <div class=\"img\"><img decoding=\"async\" src=\"https:\/\/evaoptic.com\/de\/wp-content\/graphics\/wp-content-uploads-sites-3-2025-06-zintuig-studio-fotografie-meppel-03-07-25-147-jpg176122562270035011zintuig-studio-fotografie-meppel-03-07-25-147zintuig-studio-fotogr.jpg\" title=\"Zintuig Studio &#8211; Fotografie &#8211; Meppel 03-07-25 &#8211; 147\" alt=\"Zintuig Studio &#8211; Fotografie &#8211; Meppel 03-07-25 &#8211; 147\" loading=\"lazy\" fetchpriority=\"low\" width=\"700\" height=\"350\" ><\/div>        <div class=\"info padding-none default border-radius-xs fx-grow-1 fx-display fx-direction-column\">\r\n                            <h3 class=\"color-default font-1-semibold\">\r\n                    Besuchen Sie unseren Demopool                <\/h3>\r\n                                <div class=\"desc font-size-default\">\r\n                    <p>Besuchen Sie unseren Demopool, um alle EVA-Produkte in Aktion zu sehen. Entdecken Sie, wie unsere Beleuchtung, Steuerungssysteme und der leistungsstarke EVAstream zusammenwirken, um das ultimative Schwimmerlebnis zu schaffen. Ideal, um unsere Technologie aus n\u00e4chster N\u00e4he zu erkunden und sich f\u00fcr Ihr n\u00e4chstes Projekt inspirieren zu lassen.<\/p>\n                <\/div>\r\n                                <div class=\"more fx-display align-default\">\r\n                    <a href=\"https:\/\/evaoptic.com\/de\/kontakt\/fachleute\/\" class=\"button  color-border-1\" >\r\n                        <span>Kontakt<\/span>\r\n                    <\/a>\r\n                <\/div>\r\n                        <\/div>\r\n                   \r\n<\/div><div class=\"column columns-2 wa-same-size swiper-slide content fx-display fx-direction-column \">\r\n    <div class=\"img\"><img decoding=\"async\" src=\"https:\/\/evaoptic.com\/de\/wp-content\/graphics\/wp-content-uploads-sites-3-2025-09-09_2025_eva-optics_beeldbank_04-jpg17612256237003501109_2025_eva-optics_beeldbank_0409_2025_eva-optics_beeldbank_04lazy.jpg\" title=\"09_2025_EVA OPTICS_BEELDBANK_04\" alt=\"09_2025_EVA OPTICS_BEELDBANK_04\" loading=\"lazy\" fetchpriority=\"low\" width=\"700\" height=\"350\" ><\/div>        <div class=\"info padding-none default border-radius-xs fx-grow-1 fx-display fx-direction-column\">\r\n                            <h3 class=\"color-default font-1-semibold\">\r\n                    Probeschwimmen mit dem EVAstream                <\/h3>\r\n                                <div class=\"desc font-size-default\">\r\n                    <p>Laden Sie Ihre Kunden zu einem Probeschwimmen in unserem Demopool ein und lassen Sie sie die nat\u00fcrliche, kraftvolle Str\u00f6mung des EVAstream erleben. Die perfekte M\u00f6glichkeit, die Qualit\u00e4t, den Komfort und die Leistungsf\u00e4higkeit der Schwimmtechnologie von EVA in der Praxis zu demonstrieren.<\/p>\n                <\/div>\r\n                                <div class=\"more fx-display align-default\">\r\n                    <a href=\"https:\/\/evaoptic.com\/de\/kontakt\/fachleute\/\" class=\"button  color-border-1\" >\r\n                        <span>Kontakt<\/span>\r\n                    <\/a>\r\n                <\/div>\r\n                        <\/div>\r\n                   \r\n<\/div>                <\/div>\r\n            <\/div>\r\n                <\/div>\r\n<\/div>\n\n<div id=\"columns-block_0729e1821f4590e047718d183e243812\" class=\"content-block block-cnt-4 block-type-columns space-inside-both-s space-outside-default default\" style=\"\">\r\n\r\n    \r\n    <div class=\"container\">\r\n                    <div class=\"columns swiper wa-same-sizes\">\r\n                <div class=\"swiper-wrapper\">\r\n                    <div class=\"column columns-2 wa-same-size swiper-slide content fx-display fx-direction-column \">\r\n    <div class=\"img\"><img decoding=\"async\" src=\"https:\/\/evaoptic.com\/de\/wp-content\/graphics\/wp-content-uploads-sites-3-2025-10-pomaz-showroom-jpg176122562570035011pomaz-showroompomaz-showroomlazy.jpg\" title=\"Pomaz showroom\" alt=\"Pomaz showroom\" loading=\"lazy\" fetchpriority=\"low\" width=\"700\" height=\"350\" ><\/div>        <div class=\"info padding-none default border-radius-xs fx-grow-1 fx-display fx-direction-column\">\r\n                            <h3 class=\"color-default font-1-semibold\">\r\n                    Probeschwimmen bei einem H\u00e4ndler in Ihrer N\u00e4he                <\/h3>\r\n                                <div class=\"desc font-size-default\">\r\n                    <p>In vielen F\u00e4llen verf\u00fcgen unsere Vertriebspartner auch \u00fcber Demopools, in denen Kunden das Schwimmen mit dem EVAstream testen k\u00f6nnen. Bei Interesse wenden Sie sich bitte an uns. Wir vermitteln Ihnen gerne einen H\u00e4ndler in Ihrer N\u00e4he f\u00fcr eine pers\u00f6nliche Vorf\u00fchrung.<\/p>\n                <\/div>\r\n                                <div class=\"more fx-display align-default\">\r\n                    <a href=\"https:\/\/evaoptic.com\/de\/kontakt\/fachleute\/\" class=\"button  color-border-1\" >\r\n                        <span>Kontakt<\/span>\r\n                    <\/a>\r\n                <\/div>\r\n                        <\/div>\r\n                   \r\n<\/div><div class=\"column columns-2 wa-same-size swiper-slide content fx-display fx-direction-column \">\r\n    <div class=\"img\"><img decoding=\"async\" src=\"https:\/\/evaoptic.com\/de\/wp-content\/graphics\/wp-content-uploads-sites-3-2025-10-09_2025_eva-optics_beeldbank_29-jpg17612256257003501109_2025_eva-optics_beeldbank_2909_2025_eva-optics_beeldbank_29lazy.jpg\" title=\"09_2025_EVA OPTICS_BEELDBANK_29\" alt=\"09_2025_EVA OPTICS_BEELDBANK_29\" loading=\"lazy\" fetchpriority=\"low\" width=\"700\" height=\"350\" ><\/div>        <div class=\"info padding-none default border-radius-xs fx-grow-1 fx-display fx-direction-column\">\r\n                            <h3 class=\"color-default font-1-semibold\">\r\n                    Vor-Ort-Demonstration mit dem EVAstream Move                <\/h3>\r\n                                <div class=\"desc font-size-default\">\r\n                    <p>Wir k\u00f6nnen auch mit dem EVAstream Move zu Ihnen kommen und Ihnen eine Live-Demonstration in einem bestehenden Pool bieten. So k\u00f6nnen Sie und Ihre Kunden die nat\u00fcrliche, kraftvolle Str\u00f6mung hautnah erleben. Kontaktieren Sie uns, um einen Termin f\u00fcr eine Vorf\u00fchrung zu vereinbaren.<\/p>\n                <\/div>\r\n                                <div class=\"more fx-display align-default\">\r\n                    <a href=\"https:\/\/evaoptic.com\/de\/kontakt\/fachleute\/\" class=\"button  color-border-1\" >\r\n                        <span>Kontakt<\/span>\r\n                    <\/a>\r\n                <\/div>\r\n                        <\/div>\r\n                   \r\n<\/div>                <\/div>\r\n            <\/div>\r\n                <\/div>\r\n<\/div>","protected":false},"excerpt":{"rendered":"","protected":false},"author":1,"featured_media":0,"parent":812,"menu_order":0,"comment_status":"closed","ping_status":"closed","template":"","meta":{"_acf_changed":false,"footnotes":""},"class_list":["post-1904","page","type-page","status-publish","hentry"],"acf":[],"_links":{"self":[{"href":"https:\/\/evaoptic.com\/de\/wp-json\/wp\/v2\/pages\/1904","targetHints":{"allow":["GET"]}}],"collection":[{"href":"https:\/\/evaoptic.com\/de\/wp-json\/wp\/v2\/pages"}],"about":[{"href":"https:\/\/evaoptic.com\/de\/wp-json\/wp\/v2\/types\/page"}],"author":[{"embeddable":true,"href":"https:\/\/evaoptic.com\/de\/wp-json\/wp\/v2\/users\/1"}],"replies":[{"embeddable":true,"href":"https:\/\/evaoptic.com\/de\/wp-json\/wp\/v2\/comments?post=1904"}],"version-history":[{"count":7,"href":"https:\/\/evaoptic.com\/de\/wp-json\/wp\/v2\/pages\/1904\/revisions"}],"predecessor-version":[{"id":2996,"href":"https:\/\/evaoptic.com\/de\/wp-json\/wp\/v2\/pages\/1904\/revisions\/2996"}],"up":[{"embeddable":true,"href":"https:\/\/evaoptic.com\/de\/wp-json\/wp\/v2\/pages\/812"}],"wp:attachment":[{"href":"https:\/\/evaoptic.com\/de\/wp-json\/wp\/v2\/media?parent=1904"}],"curies":[{"name":"wp","href":"https:\/\/api.w.org\/{rel}","templated":true}]}}