{"id":1897,"date":"2025-06-10T15:46:54","date_gmt":"2025-06-10T13:46:54","guid":{"rendered":"https:\/\/evaoptic.com\/de\/?page_id=1897"},"modified":"2026-01-27T13:30:18","modified_gmt":"2026-01-27T12:30:18","slug":"training","status":"publish","type":"page","link":"https:\/\/evaoptic.com\/de\/fachleute\/training\/","title":{"rendered":"EVA Training"},"content":{"rendered":"<div id=\"text-block_a480822755b9d44f344876d5a74b8d2a\" class=\"content-block block-cnt-1 block-type-text space-inside-top-l space-outside-default default font-size-default\" style=\"\">\r\n    <div class=\"container fx-display fx-justify-center\">\r\n        <div class=\"container-default\">\r\n            <div class=\"block-content fx-display fx-direction-column display-vertical\">\r\n                                    <div class=\"intro content do-last txt-left\">\r\n                                                        <h1 class=\"font-size-h1 color- default\">\r\n                                    EVA training                                <\/h1>\r\n                                                    <\/div>\r\n                                    <div class=\"body content txt-left font-size-default\">\r\n                    <p>EVA bietet professionelle Schulungen sowohl online als auch vor Ort an. Unternehmen k\u00f6nnen an speziell auf ihr Team zugeschnittenen Schulungen teilnehmen oder an unseren regul\u00e4ren Schulungsprogrammen teilnehmen. Ob f\u00fcr Vertrieb, Installation oder technisches Wissen \u2013 unsere Experten sorgen f\u00fcr eine ansprechende und praxisnahe Lernerfahrung.<\/p>\n                    <div class=\"buttons-container fx-display\">\r\n                                            <\/div>\r\n                <\/div>\r\n            <\/div>\r\n        <\/div>\r\n    <\/div>\r\n<\/div>\n\n<div id=\"text-img-block_78f515d82c1c1b64d8325799de0394f5\" class=\"content-block block-cnt-2 block-type-text-img space-inside-both-s space-outside-default default display-img-right img-size-default\" style=\"\">\n    <div class=\"container fx-display fx-justify-center\">\n        <div class=\"container-default fx-display fx-align-items-center fx-md-direction-column\">\n            <div class=\"content fx-md-order-1 default\">\n                                        <h2 class=\"font-size-h2 default color-\">Nehmen Sie an Ihrem EVA-Training teil oder passen Sie es individuell an<\/h2>\n                        <div class=\"fusion-text fusion-text-12 fusion-text-no-margin\">\n<p>Wir bereiten derzeit unseren Schulungskalender f\u00fcr 2026 vor. In K\u00fcrze finden Sie hier alle verf\u00fcgbaren EVA-Schulungen, f\u00fcr die Sie sich ganz einfach online anmelden k\u00f6nnen. Neben unseren regul\u00e4ren Schulungen zu Vertrieb und Installation bieten wir auch ma\u00dfgeschneiderte Programme f\u00fcr ganze Teams an \u2013 ganz auf die Bed\u00fcrfnisse Ihres Unternehmens zugeschnitten. F\u00fcr individuelle Schulungsoptionen wenden Sie sich bitte direkt an uns.<\/p>\n<\/div>\n<div class=\"buttons buttons-cnt-1\">\r\n      <a href=\"https:\/\/evaoptic.com\/de\/kontakt\/fachleute\/\"  class=\"button color-border-1  button-icon-none default \">\r\n            <span>Kontakt<\/span>\r\n    <\/a>\r\n    <\/div>            <\/div>\n                            <div class=\"img fx-md-order-0 img-size-default\">\n                    <img decoding=\"async\" src=\"https:\/\/evaoptic.com\/de\/wp-content\/graphics\/wp-content-uploads-sites-3-2025-10-demonstratie-marketing-jpg176122562575050011demonstratie-marketingdemonstratie-marketinglazy.jpg\" title=\"Demonstratie marketing\" alt=\"Demonstratie marketing\" loading=\"lazy\" fetchpriority=\"low\" width=\"750\" height=\"500\" >                <\/div>\n                        <\/div>\n    <\/div>\n<\/div>\n\n\n<div id=\"columns-block_6277a38045243b3066286d87fe7c4479\" class=\"content-block block-cnt-3 block-type-columns space-inside-both-s space-outside-default default\" style=\"\">\r\n\r\n    \r\n    <div class=\"container\">\r\n                    <div class=\"columns non-swiper wa-same-sizes\">\r\n                <div class=\"column columns-2 wa-same-size swiper-slide content fx-display fx-direction-column \">\r\n    <div class=\"img\"><img decoding=\"async\" src=\"https:\/\/evaoptic.com\/de\/wp-content\/graphics\/wp-content-uploads-sites-3-2025-06-eva-move-inbouw-verlichting-21-07-23-zs-176-jpg176122562270035011eva-move-inbouw-verlichting-21-07-23-zs-176eva-821.jpg\" title=\"EVA &#8211; Move &#8211; Inbouw &#8211; Verlichting &#8211; 21-07-23 &#8211; ZS &#8211; 176\" alt=\"EVA &#8211; Move &#8211; Inbouw &#8211; Verlichting &#8211; 21-07-23 &#8211; ZS &#8211; 176\" loading=\"lazy\" fetchpriority=\"low\" width=\"700\" height=\"350\" ><\/div>        <div class=\"info padding-none default border-radius-xs fx-grow-1 fx-display fx-direction-column\">\r\n                            <h3 class=\"color-default font-1-semibold\">\r\n                    EVAsubaqua online training                <\/h3>\r\n                                <div class=\"desc font-size-default\">\r\n                    <p>Unser Online-Training EVAsubaqua befindet sich derzeit in der Entwicklung und wird in K\u00fcrze hier verf\u00fcgbar sein. Wenn Sie benachrichtigt werden m\u00f6chten, sobald es online ist, kontaktieren Sie uns bitte. Wir werden Sie informieren, sobald die Kurse verf\u00fcgbar sind.<\/p>\n                <\/div>\r\n                                <div class=\"more fx-display align-default\">\r\n                    <a href=\"https:\/\/evaoptic.com\/de\/kontakt\/fachleute\/\" class=\"button  color-border-1\" >\r\n                        <span>Kontakt<\/span>\r\n                    <\/a>\r\n                <\/div>\r\n                        <\/div>\r\n                   \r\n<\/div><div class=\"column columns-2 wa-same-size swiper-slide content fx-display fx-direction-column \">\r\n    <div class=\"img\"><img decoding=\"async\" src=\"https:\/\/evaoptic.com\/de\/wp-content\/graphics\/wp-content-uploads-sites-3-2025-06-09_2025_eva-optics_beeldbank_19-jpg17612256227003501109_2025_eva-optics_beeldbank_1909_2025_eva-optics_beeldbank_19lazy.jpg\" title=\"09_2025_EVA OPTICS_BEELDBANK_19\" alt=\"09_2025_EVA OPTICS_BEELDBANK_19\" loading=\"lazy\" fetchpriority=\"low\" width=\"700\" height=\"350\" ><\/div>        <div class=\"info padding-none default border-radius-xs fx-grow-1 fx-display fx-direction-column\">\r\n                            <h3 class=\"color-default font-1-semibold\">\r\n                    EVAstream online training                <\/h3>\r\n                                <div class=\"desc font-size-default\">\r\n                    <p>Unser Online-Training EVAstream befindet sich derzeit in der Entwicklung und wird in K\u00fcrze hier verf\u00fcgbar sein. Wenn Sie benachrichtigt werden m\u00f6chten, sobald es online ist, kontaktieren Sie uns bitte. Wir werden Sie informieren, sobald die Kurse verf\u00fcgbar sind.<\/p>\n                <\/div>\r\n                                <div class=\"more fx-display align-default\">\r\n                    <a href=\"https:\/\/evaoptic.com\/de\/kontakt\/fachleute\/\" class=\"button  color-border-1\" >\r\n                        <span>Kontakt<\/span>\r\n                    <\/a>\r\n                <\/div>\r\n                        <\/div>\r\n                   \r\n<\/div>            <\/div>\r\n                <\/div>\r\n<\/div>","protected":false},"excerpt":{"rendered":"","protected":false},"author":1,"featured_media":0,"parent":812,"menu_order":0,"comment_status":"closed","ping_status":"closed","template":"","meta":{"_acf_changed":false,"footnotes":""},"class_list":["post-1897","page","type-page","status-publish","hentry"],"acf":[],"_links":{"self":[{"href":"https:\/\/evaoptic.com\/de\/wp-json\/wp\/v2\/pages\/1897","targetHints":{"allow":["GET"]}}],"collection":[{"href":"https:\/\/evaoptic.com\/de\/wp-json\/wp\/v2\/pages"}],"about":[{"href":"https:\/\/evaoptic.com\/de\/wp-json\/wp\/v2\/types\/page"}],"author":[{"embeddable":true,"href":"https:\/\/evaoptic.com\/de\/wp-json\/wp\/v2\/users\/1"}],"replies":[{"embeddable":true,"href":"https:\/\/evaoptic.com\/de\/wp-json\/wp\/v2\/comments?post=1897"}],"version-history":[{"count":7,"href":"https:\/\/evaoptic.com\/de\/wp-json\/wp\/v2\/pages\/1897\/revisions"}],"predecessor-version":[{"id":2994,"href":"https:\/\/evaoptic.com\/de\/wp-json\/wp\/v2\/pages\/1897\/revisions\/2994"}],"up":[{"embeddable":true,"href":"https:\/\/evaoptic.com\/de\/wp-json\/wp\/v2\/pages\/812"}],"wp:attachment":[{"href":"https:\/\/evaoptic.com\/de\/wp-json\/wp\/v2\/media?parent=1897"}],"curies":[{"name":"wp","href":"https:\/\/api.w.org\/{rel}","templated":true}]}}