{"id":1858,"date":"2025-06-10T15:46:54","date_gmt":"2025-06-10T13:46:54","guid":{"rendered":"https:\/\/evaoptic.com\/de\/?page_id=1858"},"modified":"2026-02-23T16:13:24","modified_gmt":"2026-02-23T15:13:24","slug":"evastream-support","status":"publish","type":"page","link":"https:\/\/evaoptic.com\/de\/fachleute\/evastream-support\/","title":{"rendered":"EVAstream Support"},"content":{"rendered":"<div id=\"text-block_ba89bcd714cf114e675dcd504df8f65d\" class=\"content-block block-cnt-1 block-type-text space-inside-top-l space-outside-default default font-size-default\" style=\"\">\r\n    <div class=\"container fx-display fx-justify-center\">\r\n        <div class=\"container-default\">\r\n            <div class=\"block-content fx-display fx-direction-column display-vertical\">\r\n                                    <div class=\"intro content do-last txt-left\">\r\n                                                        <h1 class=\"font-size-h1 color- default\">\r\n                                    EVAstream support                                <\/h1>\r\n                                                    <\/div>\r\n                                    <div class=\"body content txt-left font-size-default\">\r\n                    <p>Auf dieser Seite finden Sie alles, was Sie f\u00fcr eine reibungslose und zuverl\u00e4ssige Installation des EVAstream ben\u00f6tigen. Von Schritt-f\u00fcr-Schritt-Anleitungen bis hin zu Lehrvideos finden Sie hier klare Anweisungen, die ein professionelles Ergebnis gew\u00e4hrleisten.<\/p>\n                    <div class=\"buttons-container fx-display\">\r\n                                            <\/div>\r\n                <\/div>\r\n            <\/div>\r\n        <\/div>\r\n    <\/div>\r\n<\/div>\n\n    <div id=\"wa-template-block_f341794f2e7a2d724edc102e8bd8a588\" class=\"content-block block-cnt-2 block-type-wa-template space-inside-default space-outside-top-s default\" style=\"\">\r\n        <div id=\"support-videos-block_fca2039b8e974410b388c7d6ae4d3c22\" class=\"content-block block-cnt-3 block-type-support-videos space-inside-default space-outside-default default\" style=\"\">\r\n\r\n    <div class=\"container\">\r\n         \r\n            <div class=\"intro\">\r\n                                    <h2 class=\"font-size-h3 font-1-semibold\">EVAstream mounting video&#8217;s<\/h2>\r\n                                <\/div>\r\n                        <div class=\"videos fx-display fx-sm-direction-column\">\r\n                                    <div class=\"video fx-display fx-direction-column\">\r\n                        <a href=\"#https-vimeo-com-1135781958\" class=\"video-toggle nounderline\">\r\n                            <img decoding=\"async\" src=\"https:\/\/evaoptic.com\/de\/wp-content\/graphics\/wp-content-uploads-sites-3-2025-09-schermafbeelding-2025-09-25-om-11-41-28-png17612256248004401schermafbeelding-2025-09-25-om-11-41-28schermafbeelding-2025-09-25-om-11-41-28border-ra.jpg\" title=\"Scherm\u00adafbeelding 2025-09-25 om 11.41.28\" alt=\"Scherm\u00adafbeelding 2025-09-25 om 11.41.28\" class=\"border-radius-xs\" loading=\"lazy\" fetchpriority=\"low\" width=\"800\" height=\"440\" >                        <\/a>\r\n                        <h4 class=\"font-size-h5\">EVAstream electrical connections<\/h4>\r\n                                            <\/div>\r\n                                        <div class=\"video fx-display fx-direction-column\">\r\n                        <a href=\"#https-vimeo-com-1135782119\" class=\"video-toggle nounderline\">\r\n                            <img decoding=\"async\" src=\"https:\/\/evaoptic.com\/de\/wp-content\/graphics\/wp-content-uploads-sites-3-2025-09-schermafbeelding-2025-09-25-om-11-38-25-png17612256248004401schermafbeelding-2025-09-25-om-11-38-25schermafbeelding-2025-09-25-om-11-38-25border-ra.jpg\" title=\"Scherm\u00adafbeelding 2025-09-25 om 11.38.25\" alt=\"Scherm\u00adafbeelding 2025-09-25 om 11.38.25\" class=\"border-radius-xs\" loading=\"lazy\" fetchpriority=\"low\" width=\"800\" height=\"440\" >                        <\/a>\r\n                        <h4 class=\"font-size-h5\">EVAstream mounting the turbine<\/h4>\r\n                                            <\/div>\r\n                                <\/div>\r\n                <\/div>\r\n<\/div>\r\n    <div id=\"https-vimeo-com-1135781958\" class=\"video-overlay\">\n        <div class=\"video-overlay-bg\"><\/div>\n        <div class=\"video-overlay-content\">\n            <a href=\"#https-vimeo-com-1135781958\" class=\"video-toggle\">\n                <img decoding=\"async\" src=\"https:\/\/evaoptic.com\/de\/wp-content\/themes\/evaoptic\/graphics\/icon-player-close.svg\" alt=\"\" class=\"graphics-icon-player-close\" loading=\"lazy\" fetchpriority=\"low\">            <\/a>\n            <div class=\"eva-loader color-white\">\n                <div class=\"loader\"><\/div>\n            <\/div>\n            <iframe loading=\"eager\" id=\"vimeo-video-69d7b52d0b075\" class=\"wa-vimeo-embed has-aspect\" src=\"\" data-src=\"https:\/\/player.vimeo.com\/video\/1135781958?autostart=0&amp;autoplay=1&amp;loop=1&amp;autopause=0&amp;controls=0&amp;muted=1&amp;jsapi=0&amp;loading=&amp;aspect=1&amp;lazyload=0&amp;animation=&amp;thumb=&amp;transparent=1&amp;background=1&amp;title=0&amp;byline=0&amp;fullscreen=0\"  data-aspect=\"1\" playsinline width=\"1280\" height=\"720\" frameborder=\"0\" allow=\"accelerometer; autoplay; encrypted-media; gyroscope; fullscreen;\" disablePictureInPicture><\/iframe>        <\/div>\n    <\/div>\n        <div id=\"https-vimeo-com-1135782119\" class=\"video-overlay\">\n        <div class=\"video-overlay-bg\"><\/div>\n        <div class=\"video-overlay-content\">\n            <a href=\"#https-vimeo-com-1135782119\" class=\"video-toggle\">\n                <img decoding=\"async\" src=\"https:\/\/evaoptic.com\/de\/wp-content\/themes\/evaoptic\/graphics\/icon-player-close.svg\" alt=\"\" class=\"graphics-icon-player-close\" loading=\"lazy\" fetchpriority=\"low\">            <\/a>\n            <div class=\"eva-loader color-white\">\n                <div class=\"loader\"><\/div>\n            <\/div>\n            <iframe loading=\"eager\" id=\"vimeo-video-69d7b52d0b32e\" class=\"wa-vimeo-embed has-aspect\" src=\"\" data-src=\"https:\/\/player.vimeo.com\/video\/1135782119?autostart=0&amp;autoplay=1&amp;loop=1&amp;autopause=0&amp;controls=0&amp;muted=1&amp;jsapi=0&amp;loading=&amp;aspect=1&amp;lazyload=0&amp;animation=&amp;thumb=&amp;transparent=1&amp;background=1&amp;title=0&amp;byline=0&amp;fullscreen=0\"  data-aspect=\"1\" playsinline width=\"1280\" height=\"720\" frameborder=\"0\" allow=\"accelerometer; autoplay; encrypted-media; gyroscope; fullscreen;\" disablePictureInPicture><\/iframe>        <\/div>\n    <\/div>\n        <\/div>\r\n    \n\n    <div id=\"wa-template-block_a45957c7c10e3b20b8da395c0a67d91c\" class=\"content-block block-cnt-4 block-type-wa-template space-inside-default space-outside-default default\" style=\"\">\r\n        <div id=\"support-videos-block_051807fe12c29639bb166995a4d9a536\" class=\"content-block block-cnt-5 block-type-support-videos space-inside-default space-outside-default default\" style=\"\">\r\n\r\n    <div class=\"container\">\r\n         \r\n            <div class=\"intro\">\r\n                                    <h2 class=\"font-size-h3 font-1-semibold\">EVAstream optional mounting video&#8217;s<\/h2>\r\n                                <\/div>\r\n                        <div class=\"videos fx-display fx-sm-direction-column\">\r\n                                    <div class=\"video fx-display fx-direction-column\">\r\n                        <a href=\"#https-vimeo-com-1135780388\" class=\"video-toggle nounderline\">\r\n                            <img decoding=\"async\" src=\"https:\/\/evaoptic.com\/de\/wp-content\/graphics\/wp-content-uploads-sites-3-2025-09-schermafbeelding-2025-09-25-om-11-42-30-png17612256248004401schermafbeelding-2025-09-25-om-11-42-30schermafbeelding-2025-09-25-om-11-42-30border-ra.jpg\" title=\"Scherm\u00adafbeelding 2025-09-25 om 11.42.30\" alt=\"Scherm\u00adafbeelding 2025-09-25 om 11.42.30\" class=\"border-radius-xs\" loading=\"lazy\" fetchpriority=\"low\" width=\"800\" height=\"440\" >                        <\/a>\r\n                        <h4 class=\"font-size-h5\">EVAstream installation utp-cable<\/h4>\r\n                                            <\/div>\r\n                                        <div class=\"video fx-display fx-direction-column\">\r\n                        <a href=\"#https-vimeo-com-1135780764\" class=\"video-toggle nounderline\">\r\n                            <img decoding=\"async\" src=\"https:\/\/evaoptic.com\/de\/wp-content\/graphics\/wp-content-uploads-sites-3-2025-09-schermafbeelding-2025-09-25-om-11-42-58-png17612256248004401schermafbeelding-2025-09-25-om-11-42-58schermafbeelding-2025-09-25-om-11-42-58border-ra.jpg\" title=\"Scherm\u00adafbeelding 2025-09-25 om 11.42.58\" alt=\"Scherm\u00adafbeelding 2025-09-25 om 11.42.58\" class=\"border-radius-xs\" loading=\"lazy\" fetchpriority=\"low\" width=\"800\" height=\"440\" >                        <\/a>\r\n                        <h4 class=\"font-size-h5\">EVAstream installation antenna<\/h4>\r\n                                            <\/div>\r\n                                        <div class=\"video fx-display fx-direction-column\">\r\n                        <a href=\"#https-vimeo-com-1135781439\" class=\"video-toggle nounderline\">\r\n                            <img decoding=\"async\" src=\"https:\/\/evaoptic.com\/de\/wp-content\/graphics\/wp-content-uploads-sites-3-2025-09-schermafbeelding-2025-09-25-om-11-41-57-png17612256248004401schermafbeelding-2025-09-25-om-11-41-57schermafbeelding-2025-09-25-om-11-41-57border-ra.jpg\" title=\"Scherm\u00adafbeelding 2025-09-25 om 11.41.57\" alt=\"Scherm\u00adafbeelding 2025-09-25 om 11.41.57\" class=\"border-radius-xs\" loading=\"lazy\" fetchpriority=\"low\" width=\"800\" height=\"440\" >                        <\/a>\r\n                        <h4 class=\"font-size-h5\">ECA control installation<\/h4>\r\n                                            <\/div>\r\n                                <\/div>\r\n                <\/div>\r\n<\/div>\r\n    <div id=\"https-vimeo-com-1135780388\" class=\"video-overlay\">\n        <div class=\"video-overlay-bg\"><\/div>\n        <div class=\"video-overlay-content\">\n            <a href=\"#https-vimeo-com-1135780388\" class=\"video-toggle\">\n                <img decoding=\"async\" src=\"https:\/\/evaoptic.com\/de\/wp-content\/themes\/evaoptic\/graphics\/icon-player-close.svg\" alt=\"\" class=\"graphics-icon-player-close\" loading=\"lazy\" fetchpriority=\"low\">            <\/a>\n            <div class=\"eva-loader color-white\">\n                <div class=\"loader\"><\/div>\n            <\/div>\n            <iframe loading=\"eager\" id=\"vimeo-video-69d7b52d0d908\" class=\"wa-vimeo-embed has-aspect\" src=\"\" data-src=\"https:\/\/player.vimeo.com\/video\/1135780388?autostart=0&amp;autoplay=1&amp;loop=1&amp;autopause=0&amp;controls=0&amp;muted=1&amp;jsapi=0&amp;loading=&amp;aspect=1&amp;lazyload=0&amp;animation=&amp;thumb=&amp;transparent=1&amp;background=1&amp;title=0&amp;byline=0&amp;fullscreen=0\"  data-aspect=\"1\" playsinline width=\"1280\" height=\"720\" frameborder=\"0\" allow=\"accelerometer; autoplay; encrypted-media; gyroscope; fullscreen;\" disablePictureInPicture><\/iframe>        <\/div>\n    <\/div>\n        <div id=\"https-vimeo-com-1135780764\" class=\"video-overlay\">\n        <div class=\"video-overlay-bg\"><\/div>\n        <div class=\"video-overlay-content\">\n            <a href=\"#https-vimeo-com-1135780764\" class=\"video-toggle\">\n                <img decoding=\"async\" src=\"https:\/\/evaoptic.com\/de\/wp-content\/themes\/evaoptic\/graphics\/icon-player-close.svg\" alt=\"\" class=\"graphics-icon-player-close\" loading=\"lazy\" fetchpriority=\"low\">            <\/a>\n            <div class=\"eva-loader color-white\">\n                <div class=\"loader\"><\/div>\n            <\/div>\n            <iframe loading=\"eager\" id=\"vimeo-video-69d7b52d0db65\" class=\"wa-vimeo-embed has-aspect\" src=\"\" data-src=\"https:\/\/player.vimeo.com\/video\/1135780764?autostart=0&amp;autoplay=1&amp;loop=1&amp;autopause=0&amp;controls=0&amp;muted=1&amp;jsapi=0&amp;loading=&amp;aspect=1&amp;lazyload=0&amp;animation=&amp;thumb=&amp;transparent=1&amp;background=1&amp;title=0&amp;byline=0&amp;fullscreen=0\"  data-aspect=\"1\" playsinline width=\"1280\" height=\"720\" frameborder=\"0\" allow=\"accelerometer; autoplay; encrypted-media; gyroscope; fullscreen;\" disablePictureInPicture><\/iframe>        <\/div>\n    <\/div>\n        <div id=\"https-vimeo-com-1135781439\" class=\"video-overlay\">\n        <div class=\"video-overlay-bg\"><\/div>\n        <div class=\"video-overlay-content\">\n            <a href=\"#https-vimeo-com-1135781439\" class=\"video-toggle\">\n                <img decoding=\"async\" src=\"https:\/\/evaoptic.com\/de\/wp-content\/themes\/evaoptic\/graphics\/icon-player-close.svg\" alt=\"\" class=\"graphics-icon-player-close\" loading=\"lazy\" fetchpriority=\"low\">            <\/a>\n            <div class=\"eva-loader color-white\">\n                <div class=\"loader\"><\/div>\n            <\/div>\n            <iframe loading=\"eager\" id=\"vimeo-video-69d7b52d0de3a\" class=\"wa-vimeo-embed has-aspect\" src=\"\" data-src=\"https:\/\/player.vimeo.com\/video\/1135781439?autostart=0&amp;autoplay=1&amp;loop=1&amp;autopause=0&amp;controls=0&amp;muted=1&amp;jsapi=0&amp;loading=&amp;aspect=1&amp;lazyload=0&amp;animation=&amp;thumb=&amp;transparent=1&amp;background=1&amp;title=0&amp;byline=0&amp;fullscreen=0\"  data-aspect=\"1\" playsinline width=\"1280\" height=\"720\" frameborder=\"0\" allow=\"accelerometer; autoplay; encrypted-media; gyroscope; fullscreen;\" disablePictureInPicture><\/iframe>        <\/div>\n    <\/div>\n        <\/div>\r\n    \n\n<div id=\"text-img-block_82a9ed8b949b81dfc60ca2d1268aef9f\" class=\"content-block block-cnt-6 block-type-text-img space-inside-both-s space-outside-default bg-4 display-img-right img-size-default\" style=\"\">\n    <div class=\"container fx-display fx-justify-center\">\n        <div class=\"container-default fx-display fx-align-items-center fx-md-direction-column\">\n            <div class=\"content fx-md-order-1 default\">\n                                        <h2 class=\"font-size-h2 default color-\">Symmetrische Anordnung des EVAstream<\/h2>\n                        <div class=\"fusion-text fusion-text-12 fusion-text-no-margin\">\n<p>F\u00fcr ein optimales Schwimmerlebnis sollten Sie die Platzierung des EVAstream w\u00e4hrend der Planung sorgf\u00e4ltig ausw\u00e4hlen. Achten Sie auf eine symmetrische Positionierung und vermeiden Sie Stufen oder Plattformen, die den Wasserfluss st\u00f6ren und den Schwimmkomfort beeintr\u00e4chtigen k\u00f6nnen.<\/p>\n<\/div>\n            <\/div>\n                            <div class=\"img fx-md-order-0 img-size-default\">\n                    <iframe loading=\"eager\" id=\"vimeo-video-69d7b52d0e5fc\" class=\"wa-vimeo-embed has-aspect\" src=\"https:\/\/player.vimeo.com\/video\/1141365328?autostart=0&amp;autoplay=1&amp;loop=1&amp;autopause=0&amp;controls=0&amp;muted=1&amp;jsapi=0&amp;loading=1&amp;aspect=1&amp;lazyload=0&amp;animation=&amp;thumb=&amp;transparent=1&amp;background=1&amp;title=0&amp;byline=0&amp;fullscreen=0\"  data-aspect=\"1\" playsinline width=\"1280\" height=\"720\" frameborder=\"0\" allow=\"accelerometer; autoplay; encrypted-media; gyroscope; fullscreen;\" disablePictureInPicture><\/iframe>                <\/div>\n                        <\/div>\n    <\/div>\n<\/div>\n\n\n    <div id=\"wa-template-block_24b70b8c44e6b5c51848f2f4c7ad7fc4\" class=\"content-block block-cnt-7 block-type-wa-template space-inside-default space-outside-both-s default\" style=\"\">\r\n        <div id=\"support-downloads-block_e3f7a86676e8f0aae460bbbdf544af7f\" class=\"content-block block-cnt-8 block-type-support-downloads space-inside-default space-outside-default default\" style=\"\">\r\n\r\n    <div class=\"container\">\r\n         \r\n            <div class=\"intro\">\r\n                                    <h2 class=\"font-size-h3 font-1-semibold\">EVAstream montage anleitung<\/h2>\r\n                                <\/div>\r\n                        <div class=\"fx-display fx-sm-direction-column\">\r\n                <div class=\"articles fx-display fx-direction-column fx-align-items-start\">\r\n                                                <div id=\"preview-2299\" class=\"article preview fx-display\">\r\n                                <a href=\"https:\/\/evaoptic.com\/de\/wp-content\/uploads\/sites\/3\/2025\/10\/EVA-AA-74-RC_Kurzanleitung_DE_WEB_V24.1.pdf\" target=\"_blank\" class=\"img\">\r\n                                    <img decoding=\"async\" src=\"https:\/\/evaoptic.com\/de\/wp-content\/themes\/evaoptic\/graphics\/icon-file-pdf.svg\" alt=\"\" class=\"graphics-icon-file-pdf\" loading=\"lazy\" fetchpriority=\"low\">                                <\/a>\r\n                                <div class=\"info\">\r\n                                    <h4><a href=\"https:\/\/evaoptic.com\/de\/wp-content\/uploads\/sites\/3\/2025\/10\/EVA-AA-74-RC_Kurzanleitung_DE_WEB_V24.1.pdf\" target=\"_blank\" class=\"color-1 nounderline\">EVA-AA-74-RC Montageanleitung<\/a><\/h4>\r\n                                                                    <\/div>\r\n                            <\/div>\r\n                                                        <div id=\"preview-2136\" class=\"article preview fx-display\">\r\n                                <a href=\"https:\/\/evaoptic.com\/de\/wp-content\/uploads\/sites\/3\/2025\/10\/EVAstream_Bedienungsanleitung_DE_WEB_V25.1.pdf\" target=\"_blank\" class=\"img\">\r\n                                    <img decoding=\"async\" src=\"https:\/\/evaoptic.com\/de\/wp-content\/themes\/evaoptic\/graphics\/icon-file-pdf.svg\" alt=\"\" class=\"graphics-icon-file-pdf\" loading=\"lazy\" fetchpriority=\"low\">                                <\/a>\r\n                                <div class=\"info\">\r\n                                    <h4><a href=\"https:\/\/evaoptic.com\/de\/wp-content\/uploads\/sites\/3\/2025\/10\/EVAstream_Bedienungsanleitung_DE_WEB_V25.1.pdf\" target=\"_blank\" class=\"color-1 nounderline\">EVAstream Bedienungsanleitung<\/a><\/h4>\r\n                                                                    <\/div>\r\n                            <\/div>\r\n                                                        <div id=\"preview-1688\" class=\"article preview fx-display\">\r\n                                <a href=\"https:\/\/evaoptic.com\/de\/wp-content\/uploads\/sites\/3\/2025\/10\/ECA-Control_Montageanleitung_DE_WEB_V25.pdf\" target=\"_blank\" class=\"img\">\r\n                                    <img decoding=\"async\" src=\"https:\/\/evaoptic.com\/de\/wp-content\/themes\/evaoptic\/graphics\/icon-file-pdf.svg\" alt=\"\" class=\"graphics-icon-file-pdf\" loading=\"lazy\" fetchpriority=\"low\">                                <\/a>\r\n                                <div class=\"info\">\r\n                                    <h4><a href=\"https:\/\/evaoptic.com\/de\/wp-content\/uploads\/sites\/3\/2025\/10\/ECA-Control_Montageanleitung_DE_WEB_V25.pdf\" target=\"_blank\" class=\"color-1 nounderline\">ECA montageanleitung<\/a><\/h4>\r\n                                                                    <\/div>\r\n                            <\/div>\r\n                                                        <div id=\"preview-1686\" class=\"article preview fx-display\">\r\n                                <a href=\"https:\/\/evaoptic.com\/de\/wp-content\/uploads\/sites\/3\/2025\/09\/EVAstream_Montageanleitung_DE_WEB_V25.1.pdf\" target=\"_blank\" class=\"img\">\r\n                                    <img decoding=\"async\" src=\"https:\/\/evaoptic.com\/de\/wp-content\/themes\/evaoptic\/graphics\/icon-file-pdf.svg\" alt=\"\" class=\"graphics-icon-file-pdf\" loading=\"lazy\" fetchpriority=\"low\">                                <\/a>\r\n                                <div class=\"info\">\r\n                                    <h4><a href=\"https:\/\/evaoptic.com\/de\/wp-content\/uploads\/sites\/3\/2025\/09\/EVAstream_Montageanleitung_DE_WEB_V25.1.pdf\" target=\"_blank\" class=\"color-1 nounderline\">EVAstream montageanleitung<\/a><\/h4>\r\n                                                                    <\/div>\r\n                            <\/div>\r\n                                            <\/div>\r\n                <div class=\"previews\">\r\n                                    <\/div>\r\n            <\/div>\r\n                <\/div>\r\n<\/div>\r\n    <\/div>\r\n    \n\n<div id=\"cta-block_52df315799ee199e9ee5cd56cbd64c19\" class=\"content-block block-cnt-9 block-type-cta space-inside-both-s space-outside-default bg-4 display-default\" style=\"\">\r\n    <div class=\"container fx-display fx-justify-center\">\r\n        <div class=\"container-default\">\r\n            <div class=\"cta default\">\r\n                                        <h2 class=\"font-size-h2\">EVAstream firmware<\/h2>\r\n                                        <div class=\"cta-content display-default fx-display fx-align-items-flex-center fx-sm-direction-column\">\r\n                                            <div class=\"content\">\r\n                            <p>Laden Sie hier die neueste EVAstream-Firmware herunter, um sicherzustellen, dass Ihre Beleuchtung mit den neuesten Updates und maximaler Zuverl\u00e4ssigkeit funktioniert.<\/p>\n                        <\/div>\r\n                        <div class=\"buttons buttons-cnt-1\">\r\n      <a href=\"https:\/\/evaoptic.com\/de\/fachleute\/firmware-evastream-controller\/\"  class=\"button color-border-1  button-icon-none default \">\r\n            <span>EVAstream firmware<\/span>\r\n    <\/a>\r\n    <\/div>                <\/div>\r\n            <\/div>\r\n        <\/div>\r\n    <\/div>\r\n    \r\n<\/div>\n\n    <div id=\"wa-template-block_5acb808e890582bffaef1237f2ca10e6\" class=\"content-block block-cnt-10 block-type-wa-template space-inside-top-s space-outside-bottom-s default\" style=\"\">\r\n        <div id=\"support-downloads-block_5061ff11921889ec0a201350922615a3\" class=\"content-block block-cnt-11 block-type-support-downloads space-inside-default space-outside-default default\" style=\"\">\r\n\r\n    <div class=\"container\">\r\n         \r\n            <div class=\"intro\">\r\n                                    <h2 class=\"font-size-h3 font-1-semibold\">EVAstream datasheets<\/h2>\r\n                                <\/div>\r\n                        <div class=\"fx-display fx-sm-direction-column\">\r\n                <div class=\"articles fx-display fx-direction-column fx-align-items-start\">\r\n                                                <div id=\"preview-1807\" class=\"article preview fx-display\">\r\n                                <a href=\"https:\/\/evaoptic.com\/de\/wp-content\/uploads\/sites\/3\/2025\/10\/Factsheet-ECA-DE.pdf\" target=\"_blank\" class=\"img\">\r\n                                    <img decoding=\"async\" src=\"https:\/\/evaoptic.com\/de\/wp-content\/themes\/evaoptic\/graphics\/icon-file-pdf.svg\" alt=\"\" class=\"graphics-icon-file-pdf\" loading=\"lazy\" fetchpriority=\"low\">                                <\/a>\r\n                                <div class=\"info\">\r\n                                    <h4><a href=\"https:\/\/evaoptic.com\/de\/wp-content\/uploads\/sites\/3\/2025\/10\/Factsheet-ECA-DE.pdf\" target=\"_blank\" class=\"color-1 nounderline\">ECA datasheet<\/a><\/h4>\r\n                                                                    <\/div>\r\n                            <\/div>\r\n                                                        <div id=\"preview-1806\" class=\"article preview fx-display\">\r\n                                <a href=\"https:\/\/evaoptic.com\/de\/wp-content\/uploads\/sites\/3\/2025\/10\/Factsheet-EVAstream-DE.pdf\" target=\"_blank\" class=\"img\">\r\n                                    <img decoding=\"async\" src=\"https:\/\/evaoptic.com\/de\/wp-content\/themes\/evaoptic\/graphics\/icon-file-pdf.svg\" alt=\"\" class=\"graphics-icon-file-pdf\" loading=\"lazy\" fetchpriority=\"low\">                                <\/a>\r\n                                <div class=\"info\">\r\n                                    <h4><a href=\"https:\/\/evaoptic.com\/de\/wp-content\/uploads\/sites\/3\/2025\/10\/Factsheet-EVAstream-DE.pdf\" target=\"_blank\" class=\"color-1 nounderline\">EVAstream datasheet<\/a><\/h4>\r\n                                                                    <\/div>\r\n                            <\/div>\r\n                                            <\/div>\r\n                <div class=\"previews\">\r\n                                    <\/div>\r\n            <\/div>\r\n                <\/div>\r\n<\/div>\r\n    <\/div>\r\n    \n\n<div id=\"cta-block_3825e11716d877ebf4a129e0d3cd946f\" class=\"content-block block-cnt-12 block-type-cta space-inside-both-s space-outside-default bg-6 display-default\" style=\"\">\r\n    <div class=\"container fx-display fx-justify-center\">\r\n        <div class=\"container-default\">\r\n            <div class=\"cta default\">\r\n                                        <h2 class=\"font-size-h2\">Ben\u00f6tigen Sie Unterst\u00fctzung oder fachkundige Beratung? <\/h2>\r\n                                        <div class=\"cta-content display-default fx-display fx-align-items-flex-center fx-sm-direction-column\">\r\n                                            <div class=\"content\">\r\n                            <p>Unser Team steht Ihnen bei technischen Fragen, Projektberatung oder ma\u00dfgeschneiderten L\u00f6sungen gerne zur Verf\u00fcgung. Nehmen Sie Kontakt mit uns auf.<\/p>\n                        <\/div>\r\n                        <div class=\"buttons buttons-cnt-1\">\r\n      <a href=\"https:\/\/evaoptic.com\/de\/kontakt\/fachleute\/\"  class=\"button   button-icon-none default \">\r\n            <span>Kontakt<\/span>\r\n    <\/a>\r\n    <\/div>                <\/div>\r\n            <\/div>\r\n        <\/div>\r\n    <\/div>\r\n    \r\n<\/div>","protected":false},"excerpt":{"rendered":"","protected":false},"author":1,"featured_media":0,"parent":812,"menu_order":0,"comment_status":"closed","ping_status":"closed","template":"","meta":{"_acf_changed":false,"footnotes":""},"class_list":["post-1858","page","type-page","status-publish","hentry"],"acf":[],"_links":{"self":[{"href":"https:\/\/evaoptic.com\/de\/wp-json\/wp\/v2\/pages\/1858","targetHints":{"allow":["GET"]}}],"collection":[{"href":"https:\/\/evaoptic.com\/de\/wp-json\/wp\/v2\/pages"}],"about":[{"href":"https:\/\/evaoptic.com\/de\/wp-json\/wp\/v2\/types\/page"}],"author":[{"embeddable":true,"href":"https:\/\/evaoptic.com\/de\/wp-json\/wp\/v2\/users\/1"}],"replies":[{"embeddable":true,"href":"https:\/\/evaoptic.com\/de\/wp-json\/wp\/v2\/comments?post=1858"}],"version-history":[{"count":8,"href":"https:\/\/evaoptic.com\/de\/wp-json\/wp\/v2\/pages\/1858\/revisions"}],"predecessor-version":[{"id":3060,"href":"https:\/\/evaoptic.com\/de\/wp-json\/wp\/v2\/pages\/1858\/revisions\/3060"}],"up":[{"embeddable":true,"href":"https:\/\/evaoptic.com\/de\/wp-json\/wp\/v2\/pages\/812"}],"wp:attachment":[{"href":"https:\/\/evaoptic.com\/de\/wp-json\/wp\/v2\/media?parent=1858"}],"curies":[{"name":"wp","href":"https:\/\/api.w.org\/{rel}","templated":true}]}}