{"id":1589,"date":"2025-09-25T17:03:23","date_gmt":"2025-09-25T15:03:23","guid":{"rendered":"https:\/\/evaoptic.com\/de\/?page_id=1589"},"modified":"2026-02-03T16:44:50","modified_gmt":"2026-02-03T15:44:50","slug":"firmware-evastream-controller","status":"publish","type":"page","link":"https:\/\/evaoptic.com\/de\/fachleute\/firmware-evastream-controller\/","title":{"rendered":"Firmware EVAstream Controller"},"content":{"rendered":"<div id=\"hero-block_85d5eec5bc28774fb3d83161cb0c92d7\" class=\"content-block block-cnt-1 block-type-hero space-inside-default space-outside-default default display-default\" style=\"\">\r\n    <div class=\"img fx-display fx-justify-center fx-align-items-center txt-bg-top\">\r\n    <img decoding=\"async\" src=\"https:\/\/evaoptic.com\/de\/wp-content\/graphics\/wp-content-uploads-sites-3-2025-06-evawebapp_01-kopie-jpg176122562220009001evawebapp_01-kopieevawebapp_01-kopieeager.jpg\" title=\"EVAwebapp_01 &#8211; kopie\" alt=\"EVAwebapp_01 &#8211; kopie\" loading=\"eager\" fetchpriority=\"high\" width=\"2000\" height=\"900\" >  <\/div>\r\n    <div class=\"intro txt-bg\">\r\n    <div class=\"container\">\r\n      <div class=\"title\">\r\n                        <h1 class=\"font-size-h1 color-white\">Aktualisieren der Firmware<\/h1>\r\n                      <\/div>\r\n          <\/div>\r\n  <\/div>\r\n<\/div>\n\n<div id=\"text-block_7e2ff5f4a34b6e450305725fda8e9679\" class=\"content-block block-cnt-2 block-type-text space-inside-both-xs space-outside-default default font-size-default\" style=\"\">\r\n    <div class=\"container fx-display fx-justify-center\">\r\n        <div class=\"container-default\">\r\n            <div class=\"block-content fx-display fx-direction-column display-vertical\">\r\n                                    <div class=\"intro content do-last txt-left\">\r\n                                                        <h2 class=\"font-size-h1 color- default\">\r\n                                    Aktualisieren der Firmware                                <\/h2>\r\n                                                    <\/div>\r\n                                    <div class=\"body content txt-left font-size-default\">\r\n                    <p>Da EVA st\u00e4ndig innovativ ist, sind Firmware-Updates verf\u00fcgbar. Ein Firmware-Update umfasst haupts\u00e4chlich Verbesserungen und neue Funktionen. Sie k\u00f6nnen sich anmelden, um Updates zu neuen Firmware-Versionen zu erhalten. Diese Firmware-Updates werden nicht automatisch aktualisiert und sind nicht obligatorisch, k\u00f6nnen jedoch ganz einfach von Ihnen selbst \u00fcber unsere Website aktualisiert werden und k\u00f6nnen nur lokal auf unseren Produkten installiert werden. Die Anleitung zur Durchf\u00fchrung eines Firmware-Updates finden Sie unten:<\/p>\n<p>Laden Sie die neue Firmware (\u00fcber die blaue Schaltfl\u00e4che) herunter und speichern Sie sie lokal auf Ihrem Tablet (nicht in der Cloud).<\/p>\n<p>Neuestes Firmware-Update 24.07.2025: Version 3047<\/p>\n                    <div class=\"buttons-container fx-display\">\r\n                        <div class=\"buttons buttons-cnt-1\">\r\n      <a href=\"https:\/\/evaoptic.com\/de\/wp-content\/uploads\/sites\/3\/2025\/10\/EVAStreamController-3047.zip\" target=\"_blank\" class=\"button color-5  button-icon-none default \">\r\n            <span>Download firmware<\/span>\r\n    <\/a>\r\n    <\/div>                    <\/div>\r\n                <\/div>\r\n            <\/div>\r\n        <\/div>\r\n    <\/div>\r\n<\/div>\n\n<div id=\"text-img-block_16efe8b4d36ec10ad3ade262f3a0201b\" class=\"content-block block-cnt-3 block-type-text-img space-inside-both-xs space-outside-default default display-img-left-m img-size-default\" style=\"\">\n    <div class=\"container fx-display fx-justify-center\">\n        <div class=\"container-default fx-display fx-align-items-center fx-md-direction-column\">\n            <div class=\"content fx-md-order-1 fx-order-1 default\">\n                <p>1. Laden Sie die Firmware herunter (\u00fcber die blaue Schaltfl\u00e4che oben).<br \/>\n2. \u00d6ffnen Sie die EVA Web App oder rufen Sie Ihren Webbrowser auf und geben Sie die folgende Adresse in die Adressleiste ein: http:\/\/evacontroller.local.<br \/>\n3. Sie sehen nun die Startseite der EVA Experience-Weboberfl\u00e4che.<br \/>\n4. Gehen Sie zu EVAstream (auf der linken Schaltfl\u00e4che).<\/p>\n            <\/div>\n                            <div class=\"img fx-md-order-0 img-size-default\">\n                    <img decoding=\"async\" src=\"https:\/\/evaoptic.com\/de\/wp-content\/graphics\/wp-content-uploads-sites-3-2025-09-protrainer-1-png176122562475050011protrainer-1protrainer-1lazy.png\" title=\"ProTrainer 1\" alt=\"ProTrainer 1\" loading=\"lazy\" fetchpriority=\"low\" width=\"750\" height=\"500\" >                <\/div>\n                        <\/div>\n    <\/div>\n<\/div>\n\n\n<div id=\"text-img-block_07de65ec842be55dc16e7bba7471186b\" class=\"content-block block-cnt-4 block-type-text-img space-inside-both-xs space-outside-default default display-img-left-m img-size-default\" style=\"\">\n    <div class=\"container fx-display fx-justify-center\">\n        <div class=\"container-default fx-display fx-align-items-center fx-md-direction-column\">\n            <div class=\"content fx-md-order-1 fx-order-1 default\">\n                <p>5. Klicken Sie zweimal auf das Zahnrad-Symbol in der oberen rechten Ecke, um die erweiterten Einstellungen aufzurufen.<br \/>\n6. Klicken Sie auf \u201eFirmware verwalten\u201c &gt; Der Bildschirm \u201eFirmware-Einstellungen\u201c wird ge\u00f6ffnet.<\/p>\n            <\/div>\n                            <div class=\"img fx-md-order-0 img-size-default\">\n                    <img decoding=\"async\" src=\"https:\/\/evaoptic.com\/de\/wp-content\/graphics\/wp-content-uploads-sites-3-2025-09-trainer-protrainer-instellingen-png176122562475050011trainer-protrainer-instellingentrainer-protrainer-instellingenlazy.png\" title=\"Trainer &amp; ProTrainer instellingen\" alt=\"Trainer &amp; ProTrainer instellingen\" loading=\"lazy\" fetchpriority=\"low\" width=\"750\" height=\"500\" >                <\/div>\n                        <\/div>\n    <\/div>\n<\/div>\n\n\n<div id=\"text-img-block_010b70b6ba78dd0de2d39a0830964f12\" class=\"content-block block-cnt-5 block-type-text-img space-inside-both-xs space-outside-default default display-img-left-m img-size-default\" style=\"\">\n    <div class=\"container fx-display fx-justify-center\">\n        <div class=\"container-default fx-display fx-align-items-center fx-md-direction-column\">\n            <div class=\"content fx-md-order-1 fx-order-1 default\">\n                <p>7. Befolgen Sie die Anweisungen auf dem Bildschirm: Klicken Sie auf die Schaltfl\u00e4che \u201eVorbereiten\u201c, dann auf \u201eOK\u201c und anschlie\u00dfend erneut auf \u201eOK\u201c.<br \/>\n8. Klicken Sie auf \u201eAusw\u00e4hlen\u201c und w\u00e4hlen Sie die Firmware-Datei aus, die Sie im ersten Schritt auf Ihrem Ger\u00e4t gespeichert haben.<br \/>\n9. Klicken Sie auf \u201eUpdate\u201c. Die neue Firmware wird nun installiert und das Firmware-Update wird auf dem Bildschirm angezeigt.<br \/>\n10. Der \u201eNeustart\u201c wird automatisch gestartet und Sie werden automatisch zur\u00fcck zur Startseite von EVAstream geleitet.<\/p>\n            <\/div>\n                            <div class=\"img fx-md-order-0 img-size-default\">\n                    <img decoding=\"async\" src=\"https:\/\/evaoptic.com\/de\/wp-content\/graphics\/wp-content-uploads-sites-3-2025-09-firmware-settings-png176122562475050011firmware-settingsfirmware-settingslazy.png\" title=\"Firmware settings\" alt=\"Firmware settings\" loading=\"lazy\" fetchpriority=\"low\" width=\"750\" height=\"500\" >                <\/div>\n                        <\/div>\n    <\/div>\n<\/div>\n\n\n<div id=\"text-img-block_391ed9bf31b8dd9df7740b9178151c97\" class=\"content-block block-cnt-6 block-type-text-img space-inside-both-xs space-outside-default default display-img-left-m img-size-default\" style=\"\">\n    <div class=\"container fx-display fx-justify-center\">\n        <div class=\"container-default fx-display fx-align-items-center fx-md-direction-column\">\n            <div class=\"content fx-md-order-1 fx-order-1 default\">\n                <p>11. \u00dcberpr\u00fcfen Sie, ob der Download der neuesten Firmware erfolgreich war.<br \/>\n12. Wenn Sie zu den erweiterten Einstellungen zur\u00fcckkehren, k\u00f6nnen Sie das Datum des letzten Firmware-Downloads \u00fcberpr\u00fcfen (\u00fcber den Schritten wird dies wie folgt angezeigt: Aktuelle Firmware-Version: gefolgt von Datum und Uhrzeit).<\/p>\n            <\/div>\n                            <div class=\"img fx-md-order-0 img-size-default\">\n                    <img decoding=\"async\" src=\"https:\/\/evaoptic.com\/de\/wp-content\/graphics\/wp-content-uploads-sites-3-2025-09-firmware-settings-png176122562475050011firmware-settingsfirmware-settingslazy.png\" title=\"Firmware settings\" alt=\"Firmware settings\" loading=\"lazy\" fetchpriority=\"low\" width=\"750\" height=\"500\" >                <\/div>\n                        <\/div>\n    <\/div>\n<\/div>\n","protected":false},"excerpt":{"rendered":"","protected":false},"author":3,"featured_media":0,"parent":812,"menu_order":0,"comment_status":"closed","ping_status":"closed","template":"","meta":{"_acf_changed":false,"footnotes":""},"class_list":["post-1589","page","type-page","status-publish","hentry"],"acf":[],"_links":{"self":[{"href":"https:\/\/evaoptic.com\/de\/wp-json\/wp\/v2\/pages\/1589","targetHints":{"allow":["GET"]}}],"collection":[{"href":"https:\/\/evaoptic.com\/de\/wp-json\/wp\/v2\/pages"}],"about":[{"href":"https:\/\/evaoptic.com\/de\/wp-json\/wp\/v2\/types\/page"}],"author":[{"embeddable":true,"href":"https:\/\/evaoptic.com\/de\/wp-json\/wp\/v2\/users\/3"}],"replies":[{"embeddable":true,"href":"https:\/\/evaoptic.com\/de\/wp-json\/wp\/v2\/comments?post=1589"}],"version-history":[{"count":5,"href":"https:\/\/evaoptic.com\/de\/wp-json\/wp\/v2\/pages\/1589\/revisions"}],"predecessor-version":[{"id":3029,"href":"https:\/\/evaoptic.com\/de\/wp-json\/wp\/v2\/pages\/1589\/revisions\/3029"}],"up":[{"embeddable":true,"href":"https:\/\/evaoptic.com\/de\/wp-json\/wp\/v2\/pages\/812"}],"wp:attachment":[{"href":"https:\/\/evaoptic.com\/de\/wp-json\/wp\/v2\/media?parent=1589"}],"curies":[{"name":"wp","href":"https:\/\/api.w.org\/{rel}","templated":true}]}}