{"id":1567,"date":"2025-09-25T13:16:40","date_gmt":"2025-09-25T11:16:40","guid":{"rendered":"https:\/\/evaoptic.com\/de\/?page_id=1567"},"modified":"2025-11-17T15:15:48","modified_gmt":"2025-11-17T14:15:48","slug":"operating-the-evawebapp","status":"publish","type":"page","link":"https:\/\/evaoptic.com\/de\/support\/operating-the-evawebapp\/","title":{"rendered":"Bedienung der EVA Web app"},"content":{"rendered":"<div id=\"text-block_fbede97120795da8237e5947dde31981\" class=\"content-block block-cnt-1 block-type-text space-inside-top-l space-outside-default default font-size-default\" style=\"\">\r\n    <div class=\"container fx-display fx-justify-center\">\r\n        <div class=\"container-default\">\r\n            <div class=\"block-content fx-display fx-direction-column display-vertical\">\r\n                                    <div class=\"intro content do-last txt-left\">\r\n                                                        <h1 class=\"font-size-h1 color- default\">\r\n                                    ECA Control                                <\/h1>\r\n                                                    <\/div>\r\n                                    <div class=\"body content txt-left font-size-default\">\r\n                    <p>F\u00fcr den Betrieb des Systems ben\u00f6tigt jede EVAstream eine ECA-Control-Einheit, doch nicht alle Schwimmer ben\u00f6tigen dieselben Funktionen \u2013 etwa erweiterte Trainingsprogramme. Durch die Erweiterung der ECA-Control-Optionen k\u00f6nnen Kundinnen und Kunden nun das Modell w\u00e4hlen, das am besten zu ihren Anforderungen passt, ohne f\u00fcr unn\u00f6tige Funktionen zu bezahlen.<\/p>\n<p><strong>Wesentliche Unterschiede zwischen den ECA Control Optionen<\/strong><br \/>\nIm Folgenden finden Sie einen \u00dcberblick \u00fcber die wichtigsten Unterschiede der ECA-Control-Modelle:<\/p>\n                    <div class=\"buttons-container fx-display\">\r\n                                            <\/div>\r\n                <\/div>\r\n            <\/div>\r\n        <\/div>\r\n    <\/div>\r\n<\/div>\n\n<div id=\"text-block_e30d9508620936a4926d9bfa262bb9f3\" class=\"content-block block-cnt-2 block-type-text space-inside-top-s space-outside-default default font-size-default\" style=\"\">\r\n    <div class=\"container fx-display fx-justify-center\">\r\n        <div class=\"container-default\">\r\n            <div class=\"block-content fx-display fx-direction-column display-vertical\">\r\n                                    <div class=\"intro content do-last txt-left\">\r\n                                                        <h2 class=\"font-size-h2 color- \">\r\n                                    ECA Control                                <\/h2>\r\n                                                    <\/div>\r\n                                    <div class=\"body content txt-left font-size-default\">\r\n                                        <div class=\"buttons-container fx-display\">\r\n                                            <\/div>\r\n                <\/div>\r\n            <\/div>\r\n        <\/div>\r\n    <\/div>\r\n<\/div>\n\n<div id=\"img-block_bfc6410c4d97c36dac5e8196f53656cb\" class=\"content-block block-cnt-3 block-type-img space-inside-default space-outside-default default\" style=\"\">\r\n    <div class=\"container\">\r\n        <div class=\"block-content no-titles\">\r\n            <img decoding=\"async\" src=\"https:\/\/evaoptic.com\/de\/wp-content\/graphics\/wp-content-uploads-sites-3-2025-09-eca-control-png176122562312623991eca-controleca-controllazy.png\" title=\"ECA control\" alt=\"ECA control\" loading=\"lazy\" fetchpriority=\"low\" width=\"1262\" height=\"399\" >        <\/div>\r\n    <\/div>\r\n<\/div>\n\n<div id=\"text-block_e9b6fe6c337c3ac6904f4704a2a73bfb\" class=\"content-block block-cnt-4 block-type-text space-inside-top-xs space-outside-default default font-size-default\" style=\"\">\r\n    <div class=\"container fx-display fx-justify-center\">\r\n        <div class=\"container-default\">\r\n            <div class=\"block-content fx-display fx-direction-column display-vertical\">\r\n                                <div class=\"body content txt-left font-size-default\">\r\n                    <p>Upgrade Ihrer ECA Control \u00fcber die EVA Web app<br \/>\nSie k\u00f6nnen Ihre ECA Control direkt \u00fcber die EVA Web app upgraden. Gehen Sie wie folgt vor:<\/p>\n<ul>\n<li>\u00d6ffnen Sie die EVA Web app auf Ihrem Tablet oder Smartphone.<\/li>\n<li>Tippen Sie oben auf dem Bildschirm auf das Sternsymbol.<\/li>\n<li>Folgen Sie den Anweisungen auf dem Bildschirm, um die n\u00e4chste verf\u00fcgbare ECA-Control-Version auszuw\u00e4hlen und zu upgraden.<\/li>\n<li>Best\u00e4tigen Sie das Upgrade und warten Sie, bis der Vorgang abgeschlossen<\/li>\n<\/ul>\n                    <div class=\"buttons-container fx-display\">\r\n                                            <\/div>\r\n                <\/div>\r\n            <\/div>\r\n        <\/div>\r\n    <\/div>\r\n<\/div>\n\n<div id=\"title-block_3106675f30c00acd33edf08ad5063752\" class=\"content-block block-cnt-5 block-type-title space-inside-top-s space-outside-default default\" style=\"\">\r\n    <div class=\"container fx-display fx-justify-center\">\r\n        <div class=\"container-default\">\r\n            <div class=\"block-content txt-left\">\r\n                                        <h2 class=\"font-1 font-size-h2\">Bedienung der EVA Beleuchtung<\/h2>\r\n                                    <\/div>\r\n        <\/div>\r\n    <\/div>\r\n<\/div>\n\n<div id=\"text-img-block_29ff4f06b4476d96dc6b494321020e35\" class=\"content-block block-cnt-6 block-type-text-img space-inside-both-xs space-outside-default default display-img-left-m img-size-respect\" style=\"\">\n    <div class=\"container fx-display fx-justify-center\">\n        <div class=\"container-default fx-display fx-align-items-center fx-md-direction-column\">\n            <div class=\"content fx-md-order-1 fx-order-1 default\">\n                <p>Klicken Sie in der Weboberfl\u00e4che auf \u201eEVA Lights\u201c. Sie sehen jetzt, abh\u00e4ngig von der Anzahl der Beleuchtungsgruppen Ihrer Anlage , eine \u00dcbersicht mit ein oder mehreren Bedienpanels.<\/p>\n<p>W\u00e4hlen Sie pro Beleuchtungsgruppe die gew\u00fcnschte Farbe oder Farbwechsel-Szene durch Anklicken. Die Lichtintensit\u00e4t l\u00e4sst sich pro Gruppe \u00fcber den\/die Schieberegler (Dimmer) einstellen.<\/p>\n<p>Wird die EVAstream f\u00fcr ein vorgespeichertes Schwimmtraining genutzt, ist die oberste Beleuchtungsgruppe nicht verf\u00fcgbar, da diese die EVA Unterwasserleuchten enth\u00e4lt, die w\u00e4hrend des Trainings die Farbe wechseln. Diese Gruppe wird in der Weboberfl\u00e4che grau dargestellt. Alle anderen Beleuchtungsgruppen k\u00f6nnen w\u00e4hrend des Trainings weiterhin bedient werden.<\/p>\n            <\/div>\n                            <div class=\"img fx-md-order-0 img-size-respect\">\n                    <img decoding=\"async\" src=\"https:\/\/evaoptic.com\/de\/wp-content\/graphics\/wp-content-uploads-sites-3-2025-09-app-eva-verlichting-1-png1761225623200013081app-eva-verlichtingapp-eva-verlichtinglazy.png\" title=\"App &#8211; Eva verlichting\" alt=\"App &#8211; Eva verlichting\" loading=\"lazy\" fetchpriority=\"low\" width=\"2000\" height=\"1308\" >                <\/div>\n                        <\/div>\n    <\/div>\n<\/div>\n\n\n<div id=\"title-block_d35ff95dc534d5c18c2dc55c50b330ea\" class=\"content-block block-cnt-7 block-type-title space-inside-top-s space-outside-default default\" style=\"\">\r\n    <div class=\"container fx-display fx-justify-center\">\r\n        <div class=\"container-default\">\r\n            <div class=\"block-content txt-left\">\r\n                                        <h2 class=\"font-1 font-size-h2\">Bedienung der EVAstream<\/h2>\r\n                                    <\/div>\r\n        <\/div>\r\n    <\/div>\r\n<\/div>\n\n<div id=\"text-img-block_f483bcc5696afb69805355e24e8cf65a\" class=\"content-block block-cnt-8 block-type-text-img space-inside-both-xs space-outside-default default display-img-left-m img-size-respect\" style=\"\">\n    <div class=\"container fx-display fx-justify-center\">\n        <div class=\"container-default fx-display fx-align-items-center fx-md-direction-column\">\n            <div class=\"content fx-md-order-1 fx-order-1 default\">\n                <p>Klicken Sie in der Weboberfl\u00e4che auf \u201eEVAstream\u201c. Es erscheint das Bedienpanel. Hier steuern Sie die EVAstream: Legen Sie die Schwimmgeschwindigkeit (Intensity) und die Dauer des kontinuierlichen Schwimmens (Time remaining) fest.<\/p>\n            <\/div>\n                            <div class=\"img fx-md-order-0 img-size-respect\">\n                    <img decoding=\"async\" src=\"https:\/\/evaoptic.com\/de\/wp-content\/graphics\/wp-content-uploads-sites-3-2025-09-protrainer-1-png1761225624200014631protrainer-1protrainer-1lazy.png\" title=\"ProTrainer 1\" alt=\"ProTrainer 1\" loading=\"lazy\" fetchpriority=\"low\" width=\"2000\" height=\"1463\" >                <\/div>\n                        <\/div>\n    <\/div>\n<\/div>\n\n\n<div id=\"columns-block_4b9524ef521210e8de3a3d5b3f9b5f67\" class=\"content-block block-cnt-9 block-type-columns space-inside-default space-outside-default default\" style=\"\">\r\n\r\n    \r\n    <div class=\"container\">\r\n                    <div class=\"columns swiper wa-same-sizes\">\r\n                <div class=\"swiper-wrapper\">\r\n                    <div class=\"column columns-3 wa-same-size swiper-slide content fx-display fx-direction-column \">\r\n            <div class=\"info padding-none default border-radius-xs fx-grow-1 fx-display fx-direction-column\">\r\n                            <div class=\"desc font-size-default\">\r\n                    <p><strong>Restzeit<\/strong><br \/>\nW\u00e4hlen Sie, wie viele Minuten Sie schwimmen m\u00f6chten. Die Zeit l\u00e4uft in Echtzeit r\u00fcckw\u00e4rts, sodass Sie den verbleibenden Zeitraum Ihrer Einheit jederzeit sehen.<\/p>\n                <\/div>\r\n                        <\/div>\r\n                   \r\n<\/div><div class=\"column columns-3 wa-same-size swiper-slide content fx-display fx-direction-column \">\r\n            <div class=\"info padding-none default border-radius-xs fx-grow-1 fx-display fx-direction-column\">\r\n                            <div class=\"desc font-size-default\">\r\n                    <p><strong>IIntensit\u00e4t<\/strong><br \/>\nW\u00e4hlen Sie, mit welchem Prozentsatz der maximalen EVAstream Leistung Sie schwimmen m\u00f6chten. Das System merkt sich stets die zuletzt verwendete Intensit\u00e4t.<\/p>\n                <\/div>\r\n                        <\/div>\r\n                   \r\n<\/div><div class=\"column columns-3 wa-same-size swiper-slide content fx-display fx-direction-column \">\r\n            <div class=\"info padding-none default border-radius-xs fx-grow-1 fx-display fx-direction-column\">\r\n                            <div class=\"desc font-size-default\">\r\n                    <p><strong>Verlauf der Schwimmeinheit<\/strong><br \/>\nDer Verlauf der aktuellen Einheit wird hier in Echtzeit angezeigt. Mit Klick auf das \u201ePlay\u201c-Symbol startet der Balken. Sie sehen, wie lange Sie schwimmen und mit welcher Intensit\u00e4t.<br \/>\nSie k\u00f6nnen Ihre Schwimmeinheit jederzeit pausieren und fortsetzen. Die Geschwindigkeit l\u00e4sst sich w\u00e4hrend der Einheit \u00fcber den Intensit\u00e4ts-Schieberegler oder \u00fcber die Fernbedienung \u00e4ndern.<\/p>\n                <\/div>\r\n                        <\/div>\r\n                   \r\n<\/div>                <\/div>\r\n            <\/div>\r\n                <\/div>\r\n<\/div>\n\n<div id=\"text-block_45eaca0bcb88f07cfc2bf0491dfe4ad5\" class=\"content-block block-cnt-10 block-type-text space-inside-top-s space-outside-default default font-size-default\" style=\"\">\r\n    <div class=\"container fx-display fx-justify-center\">\r\n        <div class=\"container-default\">\r\n            <div class=\"block-content fx-display fx-direction-column display-vertical\">\r\n                                    <div class=\"intro content do-last txt-left\">\r\n                                                        <h2 class=\"font-size-h2 color- default\">\r\n                                    Voreingestellte Benutzertrainings bedienen                                <\/h2>\r\n                                                    <\/div>\r\n                                    <div class=\"body content txt-left font-size-default\">\r\n                    <p>Sie k\u00f6nnen vorgespeicherte Schwimmtrainings absolvieren. Diese finden Sie unter den von Ihnen angelegten Benutzern. Jedes Training folgt einer festen Struktur: Aufw\u00e4rmen, ein bis drei Trainingskerne, Abw\u00e4rmen. Ein Trainingskern besteht aus Wiederholungen einer bestimmten \u00dcbung. Nach jeder \u00dcbung folgt eine kurze Pause von 15 Sekunden bis maximal 1 Minute. Manche \u00dcbungen werden mit gleicher Geschwindigkeit geschwommen, bei anderen steigert sich die Geschwindigkeit innerhalb der \u00dcbung oder mit jeder Wiederholung.<\/p>\n<p><strong>Farbwechselnde Unterwasserbeleuchtung<\/strong><br \/>\nDie EVAsubaqua \u00e4ndert beim Start des Trainings automatisch die Farbe und wechselt sie w\u00e4hrend der \u00dcbungen. Die Beleuchtung f\u00fchrt Sie durch das Training. Jede \u00dcbung, ob Sprint oder Ausdauer, besteht aus drei Teilen:<\/p>\n<p>Start im roten Licht, nach einem Drittel gr\u00fcn, Abschluss im blauen Licht. Die wechselnden Farben geben Orientierung und motivieren.<\/p>\n<p>Sind die Leuchten blau, wissen Sie: gleich geschafft, noch einmal kurz alles geben! Pausen sind ebenfalls in jede \u00dcbung integriert: Die Leuchten werden wei\u00df, die EVAstream ist aus, Sie k\u00f6nnen durchatmen. Einige Sekunden vor der n\u00e4chsten \u00dcbung blinken die Leuchten kurz. Die Anzahl der Lichtblitze zeigt an, wie viele Wiederholungen dieser \u00dcbung noch folgen.<\/p>\n                    <div class=\"buttons-container fx-display\">\r\n                                            <\/div>\r\n                <\/div>\r\n            <\/div>\r\n        <\/div>\r\n    <\/div>\r\n<\/div>\n\n<div id=\"text-img-block_76473c1d60dada3fa61b939acaf3a898\" class=\"content-block block-cnt-11 block-type-text-img space-inside-both-xs space-outside-default default display-img-left-m img-size-respect\" style=\"\">\n    <div class=\"container fx-display fx-justify-center\">\n        <div class=\"container-default fx-display fx-align-items-center fx-md-direction-column\">\n            <div class=\"content fx-md-order-1 fx-order-1 default\">\n                                        <h2 class=\"font-size-h3 default color-\">Bedienung eines Schwimmtrainings<\/h2>\n                        <p>In der Weboberfl\u00e4che k\u00f6nnen Sie zwischen 4 Benutzerprofilen w\u00e4hlen oder den Gastzugang nutzen. Klicken Sie auf den gew\u00fcnschten Benutzer. Sie sehen nun das erste Bedienpanel. Sie k\u00f6nnen jedes Training auf Ihr Niveau abstimmen: W\u00e4hlen Sie die gew\u00fcnschte Intensit\u00e4t \u2013 das gesamte Workout passt sich automatisch Ihrer Schwimmgeschwindigkeit an.<\/p>\n            <\/div>\n                            <div class=\"img fx-md-order-0 img-size-respect\">\n                    <img decoding=\"async\" src=\"https:\/\/evaoptic.com\/de\/wp-content\/graphics\/wp-content-uploads-sites-3-2025-09-trainer-4-png1761225624200014631trainer-4trainer-4lazy.png\" title=\"Trainer 4\" alt=\"Trainer 4\" loading=\"lazy\" fetchpriority=\"low\" width=\"2000\" height=\"1463\" >                <\/div>\n                        <\/div>\n    <\/div>\n<\/div>\n\n\n<div id=\"text-img-block_c71eb3942f24a895f6b7e98fe6fce31e\" class=\"content-block block-cnt-12 block-type-text-img space-inside-both-xs space-outside-default default display-img-left-m img-size-respect\" style=\"\">\n    <div class=\"container fx-display fx-justify-center\">\n        <div class=\"container-default fx-display fx-align-items-center fx-md-direction-column\">\n            <div class=\"content fx-md-order-1 fx-order-1 default\">\n                <p>Die zuletzt verwendete Intensit\u00e4t der EVAstream wird pro Benutzer und Training automatisch in den Benutzereinstellungen gespeichert. Sie m\u00fcssen sich den bevorzugten Prozentsatz also nicht merken.<\/p>\n<p>W\u00e4hlen Sie das gew\u00fcnschte Training durch Anklicken. Es erscheint das zweite Bedienpanel. Unter Time Remaining sehen Sie die Dauer des gew\u00e4hlten Trainings. Unter Intensity stellen Sie die Geschwindigkeit \u00fcber den Schieberegler ein. Course of Swim Session zeigt die Struktur des Trainings. Sind die Einstellungen gesetzt, schaltet der Strom automatisch ein\/aus, wie in der App definiert.<\/p>\n            <\/div>\n                            <div class=\"img fx-md-order-0 img-size-respect\">\n                    <img decoding=\"async\" src=\"https:\/\/evaoptic.com\/de\/wp-content\/graphics\/wp-content-uploads-sites-3-2025-09-voorbeeld-training-png1761225624200014631voorbeeld-trainingvoorbeeld-traininglazy.png\" title=\"Voorbeeld training\" alt=\"Voorbeeld training\" loading=\"lazy\" fetchpriority=\"low\" width=\"2000\" height=\"1463\" >                <\/div>\n                        <\/div>\n    <\/div>\n<\/div>\n\n\n<div id=\"text-img-block_86aad887edf2bf1f6d96daab8c480f33\" class=\"content-block block-cnt-13 block-type-text-img space-inside-both-xs space-outside-default default display-img-left-m img-size-respect\" style=\"\">\n    <div class=\"container fx-display fx-justify-center\">\n        <div class=\"container-default fx-display fx-align-items-center fx-md-direction-column\">\n            <div class=\"content fx-md-order-1 fx-order-1 default\">\n                <p>So beginnt dieses Training im Beispiel mit ein paar Minuten Aufw\u00e4rmen bei 70 % der maximalen Kapazit\u00e4t. Darauf folgt eine Serie von drei \u00dcbungen mit steigender Intensit\u00e4t, jeweils mit kurzer Pause dazwischen. Anschlie\u00dfend folgt eine Serie von vier k\u00fcrzeren \u00dcbungen mit Maximalgeschwindigkeit und zum Schluss einige Minuten Abw\u00e4rmen bei geringer Geschwindigkeit.<\/p>\n<p>Auf dem Bildschirm sehen Sie in Echtzeit, wie weit Sie im Training fortgeschritten sind, welche \u00dcbung als N\u00e4chstes folgt und wie oft sie wiederholt wird. Sie k\u00f6nnen Ihr Workout jederzeit pausieren und neu starten. Au\u00dferdem k\u00f6nnen Sie Ihre Schwimmgeschwindigkeit w\u00e4hrend des laufenden Workouts \u00fcber den Intensit\u00e4t-Schieberegler oder mit der Fernbedienung anpassen.<\/p>\n            <\/div>\n                            <div class=\"img fx-md-order-0 img-size-respect\">\n                    <img decoding=\"async\" src=\"https:\/\/evaoptic.com\/de\/wp-content\/graphics\/wp-content-uploads-sites-3-2025-09-voorbeeld-training-uitgelicht-png176122562416147601voorbeeld-training-uitgelichtvoorbeeld-training-uitgelichtlazy.png\" title=\"Voorbeeld training uitgelicht\" alt=\"Voorbeeld training uitgelicht\" loading=\"lazy\" fetchpriority=\"low\" width=\"1614\" height=\"760\" >                <\/div>\n                        <\/div>\n    <\/div>\n<\/div>\n","protected":false},"excerpt":{"rendered":"","protected":false},"author":3,"featured_media":0,"parent":166,"menu_order":0,"comment_status":"closed","ping_status":"closed","template":"","meta":{"_acf_changed":false,"footnotes":""},"class_list":["post-1567","page","type-page","status-publish","hentry"],"acf":[],"_links":{"self":[{"href":"https:\/\/evaoptic.com\/de\/wp-json\/wp\/v2\/pages\/1567","targetHints":{"allow":["GET"]}}],"collection":[{"href":"https:\/\/evaoptic.com\/de\/wp-json\/wp\/v2\/pages"}],"about":[{"href":"https:\/\/evaoptic.com\/de\/wp-json\/wp\/v2\/types\/page"}],"author":[{"embeddable":true,"href":"https:\/\/evaoptic.com\/de\/wp-json\/wp\/v2\/users\/3"}],"replies":[{"embeddable":true,"href":"https:\/\/evaoptic.com\/de\/wp-json\/wp\/v2\/comments?post=1567"}],"version-history":[{"count":8,"href":"https:\/\/evaoptic.com\/de\/wp-json\/wp\/v2\/pages\/1567\/revisions"}],"predecessor-version":[{"id":2923,"href":"https:\/\/evaoptic.com\/de\/wp-json\/wp\/v2\/pages\/1567\/revisions\/2923"}],"up":[{"embeddable":true,"href":"https:\/\/evaoptic.com\/de\/wp-json\/wp\/v2\/pages\/166"}],"wp:attachment":[{"href":"https:\/\/evaoptic.com\/de\/wp-json\/wp\/v2\/media?parent=1567"}],"curies":[{"name":"wp","href":"https:\/\/api.w.org\/{rel}","templated":true}]}}